{"id":10,"date":"2019-11-04T09:01:04","date_gmt":"2019-11-04T09:01:04","guid":{"rendered":"https:\/\/datenrettung.rait-servers.de\/?page_id=10"},"modified":"2021-08-27T13:19:35","modified_gmt":"2021-08-27T13:19:35","slug":"vortraege","status":"publish","type":"page","link":"https:\/\/mutbaum.de\/index.php\/vortraege\/","title":{"rendered":"Vortr\u00e4ge"},"content":{"rendered":"\t\t<div data-elementor-type=\"wp-page\" data-elementor-id=\"10\" class=\"elementor elementor-10\">\n\t\t\t\t\t\t<div class=\"elementor-inner\">\n\t\t\t\t<div class=\"elementor-section-wrap\">\n\t\t\t\t\t\t\t\t\t<section class=\"elementor-section elementor-top-section elementor-element elementor-element-7c38ca1 elementor-section-boxed elementor-section-height-default elementor-section-height-default\" data-id=\"7c38ca1\" data-element_type=\"section\">\n\t\t\t\t\t\t<div class=\"elementor-container elementor-column-gap-default\">\n\t\t\t\t\t\t\t<div class=\"elementor-row\">\n\t\t\t\t\t<div class=\"elementor-column elementor-col-100 elementor-top-column elementor-element elementor-element-a1de908\" data-id=\"a1de908\" data-element_type=\"column\">\n\t\t\t<div class=\"elementor-column-wrap elementor-element-populated\">\n\t\t\t\t\t\t\t<div class=\"elementor-widget-wrap\">\n\t\t\t\t\t\t<div class=\"elementor-element elementor-element-0f20a68 elementor-widget elementor-widget-spacer\" data-id=\"0f20a68\" data-element_type=\"widget\" data-widget_type=\"spacer.default\">\n\t\t\t\t<div class=\"elementor-widget-container\">\n\t\t\t\t\t<div class=\"elementor-spacer\">\n\t\t\t<div class=\"elementor-spacer-inner\"><\/div>\n\t\t<\/div>\n\t\t\t\t<\/div>\n\t\t\t\t<\/div>\n\t\t\t\t<div class=\"elementor-element elementor-element-4261b53 elementor-widget elementor-widget-heading\" data-id=\"4261b53\" data-element_type=\"widget\" data-widget_type=\"heading.default\">\n\t\t\t\t<div class=\"elementor-widget-container\">\n\t\t\t<h2 class=\"elementor-heading-title elementor-size-default\">Angebote f\u00fcr Bildungstr\u00e4ger, Kinderg\u00e4rten und Schulen<br>fast alle gibt es auch online.<\/h2>\t\t<\/div>\n\t\t\t\t<\/div>\n\t\t\t\t\t\t<\/div>\n\t\t\t\t\t<\/div>\n\t\t<\/div>\n\t\t\t\t\t\t\t\t<\/div>\n\t\t\t\t\t<\/div>\n\t\t<\/section>\n\t\t\t\t<section class=\"elementor-section elementor-top-section elementor-element elementor-element-878ba75 elementor-section-boxed elementor-section-height-default elementor-section-height-default\" data-id=\"878ba75\" data-element_type=\"section\">\n\t\t\t\t\t\t<div class=\"elementor-container elementor-column-gap-default\">\n\t\t\t\t\t\t\t<div class=\"elementor-row\">\n\t\t\t\t\t<div class=\"elementor-column elementor-col-100 elementor-top-column elementor-element elementor-element-19d3d1e\" data-id=\"19d3d1e\" data-element_type=\"column\">\n\t\t\t<div class=\"elementor-column-wrap elementor-element-populated\">\n\t\t\t\t\t\t\t<div class=\"elementor-widget-wrap\">\n\t\t\t\t\t\t<div class=\"elementor-element elementor-element-e21ca2f elementor-widget elementor-widget-text-editor\" data-id=\"e21ca2f\" data-element_type=\"widget\" data-widget_type=\"text-editor.default\">\n\t\t\t\t<div class=\"elementor-widget-container\">\n\t\t\t\t\t\t\t\t<div class=\"elementor-text-editor elementor-clearfix\">\n\t\t\t\t<p>Erziehung wird immer mehr zur Herausforderung, Eltern und Lehrer stehen in ihrem Erziehungsalltag vor gro\u00dfen Herausforderungen. Der Einfluss von Medien und peergroups macht das Miteinander in Familie und Schule auch nicht einfacher.<\/p><p>Ermutigung ist eine wunderbare Grundlage f\u00fcr workshops und Vortr\u00e4ge. Diese sind so aufgebaut, dass immer genug Zeit f\u00fcr Fragen und pers\u00f6nlichen Austausch bleibt. Die Zuh\u00f6rer bekommen viele praktische Beispiele und Tipps, mit denen sich im Alltag sofort etwas anfangen l\u00e4sst. Gerne organisiere ich auch einen themenbezogenen B\u00fcchertisch.<\/p>\t\t\t\t\t<\/div>\n\t\t\t\t\t\t<\/div>\n\t\t\t\t<\/div>\n\t\t\t\t\t\t<\/div>\n\t\t\t\t\t<\/div>\n\t\t<\/div>\n\t\t\t\t\t\t\t\t<\/div>\n\t\t\t\t\t<\/div>\n\t\t<\/section>\n\t\t\t\t<section class=\"elementor-section elementor-top-section elementor-element elementor-element-e5cb5e8 elementor-section-boxed elementor-section-height-default elementor-section-height-default\" data-id=\"e5cb5e8\" data-element_type=\"section\">\n\t\t\t\t\t\t<div class=\"elementor-container elementor-column-gap-default\">\n\t\t\t\t\t\t\t<div class=\"elementor-row\">\n\t\t\t\t\t<div class=\"elementor-column elementor-col-100 elementor-top-column elementor-element elementor-element-784c93b\" data-id=\"784c93b\" data-element_type=\"column\">\n\t\t\t<div class=\"elementor-column-wrap elementor-element-populated\">\n\t\t\t\t\t\t\t<div class=\"elementor-widget-wrap\">\n\t\t\t\t\t\t<div class=\"elementor-element elementor-element-3a63d94 elementor-widget elementor-widget-heading\" data-id=\"3a63d94\" data-element_type=\"widget\" data-widget_type=\"heading.default\">\n\t\t\t\t<div class=\"elementor-widget-container\">\n\t\t\t<h5 class=\"elementor-heading-title elementor-size-default\">Meine Themen f\u00fcr Kinderg\u00e4rten und Schulen:<\/h5>\t\t<\/div>\n\t\t\t\t<\/div>\n\t\t\t\t\t\t<\/div>\n\t\t\t\t\t<\/div>\n\t\t<\/div>\n\t\t\t\t\t\t\t\t<\/div>\n\t\t\t\t\t<\/div>\n\t\t<\/section>\n\t\t\t\t<section class=\"elementor-section elementor-top-section elementor-element elementor-element-fcfed48 elementor-section-boxed elementor-section-height-default elementor-section-height-default\" data-id=\"fcfed48\" data-element_type=\"section\">\n\t\t\t\t\t\t<div class=\"elementor-container elementor-column-gap-default\">\n\t\t\t\t\t\t\t<div class=\"elementor-row\">\n\t\t\t\t\t\t\t\t\t<\/div>\n\t\t\t\t\t<\/div>\n\t\t<\/section>\n\t\t\t\t<section class=\"elementor-section elementor-top-section elementor-element elementor-element-670d651 elementor-section-boxed elementor-section-height-default elementor-section-height-default\" data-id=\"670d651\" data-element_type=\"section\">\n\t\t\t\t\t\t<div class=\"elementor-container elementor-column-gap-default\">\n\t\t\t\t\t\t\t<div class=\"elementor-row\">\n\t\t\t\t\t<div class=\"elementor-column elementor-col-50 elementor-top-column elementor-element elementor-element-db4b174\" data-id=\"db4b174\" data-element_type=\"column\">\n\t\t\t<div class=\"elementor-column-wrap elementor-element-populated\">\n\t\t\t\t\t\t\t<div class=\"elementor-widget-wrap\">\n\t\t\t\t\t\t<div class=\"elementor-element elementor-element-205d140 elementor-widget elementor-widget-text-editor\" data-id=\"205d140\" data-element_type=\"widget\" data-widget_type=\"text-editor.default\">\n\t\t\t\t<div class=\"elementor-widget-container\">\n\t\t\t\t\t\t\t\t<div class=\"elementor-text-editor elementor-clearfix\">\n\t\t\t\t<ul id=\"vortraege2\">\n<li>Mit Kindern friedlich zusammen leben<\/li>\n<li>Regeln setzen und Halt geben<\/li>\n<li>Mut statt Wut und Aggression<\/li><li>Ermutigen statt kritisieren<br><\/li>\n<li>Die Stellung in der Geschwisterreihe<\/li>\n<li>Loslassen &#8211; vom ersten Tag an<\/li>\n<li>Umgang mit Streit und Machtkampf<\/li>\n<li>Getrennt leben \u2013 gemeinsam erziehen<\/li>\n<li>Eltern-Lehrer-Sch\u00fcler &#8211; gemeinsam zum Erfolg<\/li>\n<li>Kinder und Medien: Regeln und Vertrauen<\/li>\n<li>Rituale, Regeln und Grenzen in der Erziehung<\/li>\n<li>Wichtige Feste feiern mit Kindern nach Trennung<\/li>\n<\/ul>\t\t\t\t\t<\/div>\n\t\t\t\t\t\t<\/div>\n\t\t\t\t<\/div>\n\t\t\t\t\t\t<\/div>\n\t\t\t\t\t<\/div>\n\t\t<\/div>\n\t\t\t\t<div class=\"elementor-column elementor-col-50 elementor-top-column elementor-element elementor-element-c03013b\" data-id=\"c03013b\" data-element_type=\"column\">\n\t\t\t<div class=\"elementor-column-wrap elementor-element-populated\">\n\t\t\t\t\t\t\t<div class=\"elementor-widget-wrap\">\n\t\t\t\t\t\t<div class=\"elementor-element elementor-element-6201883 elementor-widget elementor-widget-text-editor\" data-id=\"6201883\" data-element_type=\"widget\" data-widget_type=\"text-editor.default\">\n\t\t\t\t<div class=\"elementor-widget-container\">\n\t\t\t\t\t\t\t\t<div class=\"elementor-text-editor elementor-clearfix\">\n\t\t\t\t<p><img decoding=\"async\" loading=\"lazy\" src=\"https:\/\/mutbaum.de\/wp-content\/uploads\/2021\/08\/IMG_7384V2-300x243.jpg\" alt=\"\" class=\"alignnone size-medium wp-image-274\" width=\"300\" height=\"243\" srcset=\"https:\/\/mutbaum.de\/wp-content\/uploads\/2021\/08\/IMG_7384V2-300x243.jpg 300w, https:\/\/mutbaum.de\/wp-content\/uploads\/2021\/08\/IMG_7384V2-1024x829.jpg 1024w, https:\/\/mutbaum.de\/wp-content\/uploads\/2021\/08\/IMG_7384V2-768x622.jpg 768w, https:\/\/mutbaum.de\/wp-content\/uploads\/2021\/08\/IMG_7384V2-1536x1244.jpg 1536w, https:\/\/mutbaum.de\/wp-content\/uploads\/2021\/08\/IMG_7384V2-2048x1658.jpg 2048w\" sizes=\"(max-width: 300px) 100vw, 300px\" \/><\/p>\t\t\t\t\t<\/div>\n\t\t\t\t\t\t<\/div>\n\t\t\t\t<\/div>\n\t\t\t\t\t\t<\/div>\n\t\t\t\t\t<\/div>\n\t\t<\/div>\n\t\t\t\t\t\t\t\t<\/div>\n\t\t\t\t\t<\/div>\n\t\t<\/section>\n\t\t\t\t<section class=\"elementor-section elementor-top-section elementor-element elementor-element-806e963 elementor-section-boxed elementor-section-height-default elementor-section-height-default\" data-id=\"806e963\" data-element_type=\"section\">\n\t\t\t\t\t\t<div class=\"elementor-container elementor-column-gap-default\">\n\t\t\t\t\t\t\t<div class=\"elementor-row\">\n\t\t\t\t\t<div class=\"elementor-column elementor-col-100 elementor-top-column elementor-element elementor-element-24e7103\" data-id=\"24e7103\" data-element_type=\"column\">\n\t\t\t<div class=\"elementor-column-wrap elementor-element-populated\">\n\t\t\t\t\t\t\t<div class=\"elementor-widget-wrap\">\n\t\t\t\t\t\t<div class=\"elementor-element elementor-element-02adb34 elementor-widget elementor-widget-heading\" data-id=\"02adb34\" data-element_type=\"widget\" data-widget_type=\"heading.default\">\n\t\t\t\t<div class=\"elementor-widget-container\">\n\t\t\t<h5 class=\"elementor-heading-title elementor-size-default\">Weitere Vortragsthemen im nicht-schulischen Bereich:<\/h5>\t\t<\/div>\n\t\t\t\t<\/div>\n\t\t\t\t\t\t<\/div>\n\t\t\t\t\t<\/div>\n\t\t<\/div>\n\t\t\t\t\t\t\t\t<\/div>\n\t\t\t\t\t<\/div>\n\t\t<\/section>\n\t\t\t\t<section class=\"elementor-section elementor-top-section elementor-element elementor-element-ed85201 elementor-section-boxed elementor-section-height-default elementor-section-height-default\" data-id=\"ed85201\" data-element_type=\"section\">\n\t\t\t\t\t\t<div class=\"elementor-container elementor-column-gap-default\">\n\t\t\t\t\t\t\t<div class=\"elementor-row\">\n\t\t\t\t\t<div class=\"elementor-column elementor-col-100 elementor-top-column elementor-element elementor-element-7e7230e\" data-id=\"7e7230e\" data-element_type=\"column\">\n\t\t\t<div class=\"elementor-column-wrap elementor-element-populated\">\n\t\t\t\t\t\t\t<div class=\"elementor-widget-wrap\">\n\t\t\t\t\t\t<div class=\"elementor-element elementor-element-bb50ac5 elementor-widget elementor-widget-text-editor\" data-id=\"bb50ac5\" data-element_type=\"widget\" data-widget_type=\"text-editor.default\">\n\t\t\t\t<div class=\"elementor-widget-container\">\n\t\t\t\t\t\t\t\t<div class=\"elementor-text-editor elementor-clearfix\">\n\t\t\t\t<ul id=\"vortraege2\">\n<li>\u00c4ndere Deine Gedanken, dann \u00e4ndert sich Dein Leben<\/li>\n<li>Geschwister, eine Beziehung f\u00fcrs ganze Leben<\/li><li>Bullerb\u00fc &#8211; oder welche Kindheit hatten Sie?<br><\/li>\n<li>Loslassen, die Herausforderung im Leben<\/li>\n<li>Partnerschaft als Lebens- und Liebesaufgabe<\/li>\n<li>Mut zur Vielfalt im Alter<\/li><li>Umgang mit Tod, Trauer und Sterben<br><\/li>\n<\/ul>\n<div><br><\/div><div><br><\/div>\t\t\t\t\t<\/div>\n\t\t\t\t\t\t<\/div>\n\t\t\t\t<\/div>\n\t\t\t\t\t\t<\/div>\n\t\t\t\t\t<\/div>\n\t\t<\/div>\n\t\t\t\t\t\t\t\t<\/div>\n\t\t\t\t\t<\/div>\n\t\t<\/section>\n\t\t\t\t<section class=\"elementor-section elementor-top-section elementor-element elementor-element-b0cc069 elementor-section-boxed elementor-section-height-default elementor-section-height-default\" data-id=\"b0cc069\" data-element_type=\"section\">\n\t\t\t\t\t\t<div class=\"elementor-container elementor-column-gap-default\">\n\t\t\t\t\t\t\t<div class=\"elementor-row\">\n\t\t\t\t\t<div class=\"elementor-column elementor-col-100 elementor-top-column elementor-element elementor-element-0c6c19f\" data-id=\"0c6c19f\" data-element_type=\"column\">\n\t\t\t<div class=\"elementor-column-wrap elementor-element-populated\">\n\t\t\t\t\t\t\t<div class=\"elementor-widget-wrap\">\n\t\t\t\t\t\t<div class=\"elementor-element elementor-element-3d1d3d0 elementor-widget elementor-widget-heading\" data-id=\"3d1d3d0\" data-element_type=\"widget\" data-widget_type=\"heading.default\">\n\t\t\t\t<div class=\"elementor-widget-container\">\n\t\t\t<h6 class=\"elementor-heading-title elementor-size-default\">Weitere Themen k\u00f6nnen wir gerne im pers\u00f6nlichen Gespr\u00e4ch entwickeln.<\/h6>\t\t<\/div>\n\t\t\t\t<\/div>\n\t\t\t\t\t\t<\/div>\n\t\t\t\t\t<\/div>\n\t\t<\/div>\n\t\t\t\t\t\t\t\t<\/div>\n\t\t\t\t\t<\/div>\n\t\t<\/section>\n\t\t\t\t<section class=\"elementor-section elementor-top-section elementor-element elementor-element-ef10ac7 elementor-section-boxed elementor-section-height-default elementor-section-height-default\" data-id=\"ef10ac7\" data-element_type=\"section\">\n\t\t\t\t\t\t<div class=\"elementor-container elementor-column-gap-default\">\n\t\t\t\t\t\t\t<div class=\"elementor-row\">\n\t\t\t\t\t<div class=\"elementor-column elementor-col-100 elementor-top-column elementor-element elementor-element-8fc828a\" data-id=\"8fc828a\" data-element_type=\"column\">\n\t\t\t<div class=\"elementor-column-wrap elementor-element-populated\">\n\t\t\t\t\t\t\t<div class=\"elementor-widget-wrap\">\n\t\t\t\t\t\t<div class=\"elementor-element elementor-element-6711560 elementor-widget elementor-widget-spacer\" data-id=\"6711560\" data-element_type=\"widget\" data-widget_type=\"spacer.default\">\n\t\t\t\t<div class=\"elementor-widget-container\">\n\t\t\t\t\t<div class=\"elementor-spacer\">\n\t\t\t<div class=\"elementor-spacer-inner\"><\/div>\n\t\t<\/div>\n\t\t\t\t<\/div>\n\t\t\t\t<\/div>\n\t\t\t\t\t\t<\/div>\n\t\t\t\t\t<\/div>\n\t\t<\/div>\n\t\t\t\t\t\t\t\t<\/div>\n\t\t\t\t\t<\/div>\n\t\t<\/section>\n\t\t\t\t\t\t\t\t\t<\/div>\n\t\t\t<\/div>\n\t\t\t\t\t<\/div>\n\t\t","protected":false},"excerpt":{"rendered":"<p>Angebote f\u00fcr Bildungstr\u00e4ger, Kinderg\u00e4rten und Schulenfast alle gibt es auch online. Erziehung wird immer mehr zur Herausforderung, Eltern und Lehrer stehen in ihrem Erziehungsalltag vor gro\u00dfen Herausforderungen. Der Einfluss von Medien und peergroups macht das Miteinander in Familie und Schule auch nicht einfacher. Ermutigung ist eine wunderbare Grundlage f\u00fcr workshops [&hellip;]<\/p>\n","protected":false},"author":1,"featured_media":0,"parent":0,"menu_order":0,"comment_status":"closed","ping_status":"closed","template":"page-templates\/template-pagebuilder-full-width.php","meta":[],"_links":{"self":[{"href":"https:\/\/mutbaum.de\/index.php\/wp-json\/wp\/v2\/pages\/10"}],"collection":[{"href":"https:\/\/mutbaum.de\/index.php\/wp-json\/wp\/v2\/pages"}],"about":[{"href":"https:\/\/mutbaum.de\/index.php\/wp-json\/wp\/v2\/types\/page"}],"author":[{"embeddable":true,"href":"https:\/\/mutbaum.de\/index.php\/wp-json\/wp\/v2\/users\/1"}],"replies":[{"embeddable":true,"href":"https:\/\/mutbaum.de\/index.php\/wp-json\/wp\/v2\/comments?post=10"}],"version-history":[{"count":18,"href":"https:\/\/mutbaum.de\/index.php\/wp-json\/wp\/v2\/pages\/10\/revisions"}],"predecessor-version":[{"id":305,"href":"https:\/\/mutbaum.de\/index.php\/wp-json\/wp\/v2\/pages\/10\/revisions\/305"}],"wp:attachment":[{"href":"https:\/\/mutbaum.de\/index.php\/wp-json\/wp\/v2\/media?parent=10"}],"curies":[{"name":"wp","href":"https:\/\/api.w.org\/{rel}","templated":true}]}}