{"id":12,"date":"2019-11-04T09:01:14","date_gmt":"2019-11-04T09:01:14","guid":{"rendered":"https:\/\/datenrettung.rait-servers.de\/?page_id=12"},"modified":"2024-05-16T09:36:30","modified_gmt":"2024-05-16T09:36:30","slug":"beratung","status":"publish","type":"page","link":"https:\/\/mutbaum.de\/index.php\/beratung\/","title":{"rendered":"Beratung"},"content":{"rendered":"\t\t<div data-elementor-type=\"wp-page\" data-elementor-id=\"12\" class=\"elementor elementor-12\">\n\t\t\t\t\t\t<div class=\"elementor-inner\">\n\t\t\t\t<div class=\"elementor-section-wrap\">\n\t\t\t\t\t\t\t\t\t<section class=\"elementor-section elementor-top-section elementor-element elementor-element-f144388 elementor-section-boxed elementor-section-height-default elementor-section-height-default\" data-id=\"f144388\" data-element_type=\"section\">\n\t\t\t\t\t\t<div class=\"elementor-container elementor-column-gap-default\">\n\t\t\t\t\t\t\t<div class=\"elementor-row\">\n\t\t\t\t\t<div class=\"elementor-column elementor-col-100 elementor-top-column elementor-element elementor-element-566a292\" data-id=\"566a292\" data-element_type=\"column\">\n\t\t\t<div class=\"elementor-column-wrap elementor-element-populated\">\n\t\t\t\t\t\t\t<div class=\"elementor-widget-wrap\">\n\t\t\t\t\t\t<div class=\"elementor-element elementor-element-40af327 elementor-widget elementor-widget-spacer\" data-id=\"40af327\" data-element_type=\"widget\" data-widget_type=\"spacer.default\">\n\t\t\t\t<div class=\"elementor-widget-container\">\n\t\t\t\t\t<div class=\"elementor-spacer\">\n\t\t\t<div class=\"elementor-spacer-inner\"><\/div>\n\t\t<\/div>\n\t\t\t\t<\/div>\n\t\t\t\t<\/div>\n\t\t\t\t<div class=\"elementor-element elementor-element-717afda elementor-widget elementor-widget-text-editor\" data-id=\"717afda\" data-element_type=\"widget\" data-widget_type=\"text-editor.default\">\n\t\t\t\t<div class=\"elementor-widget-container\">\n\t\t\t\t\t\t\t\t<div class=\"elementor-text-editor elementor-clearfix\">\n\t\t\t\t<p>Erziehungsberatung | Lebensberatung | Paarberatung &#8211; auch ONLINE m\u00f6glich<\/p>\t\t\t\t\t<\/div>\n\t\t\t\t\t\t<\/div>\n\t\t\t\t<\/div>\n\t\t\t\t\t\t<\/div>\n\t\t\t\t\t<\/div>\n\t\t<\/div>\n\t\t\t\t\t\t\t\t<\/div>\n\t\t\t\t\t<\/div>\n\t\t<\/section>\n\t\t\t\t<section class=\"elementor-section elementor-top-section elementor-element elementor-element-baab0c2 elementor-section-boxed elementor-section-height-default elementor-section-height-default\" data-id=\"baab0c2\" data-element_type=\"section\">\n\t\t\t\t\t\t<div class=\"elementor-container elementor-column-gap-default\">\n\t\t\t\t\t\t\t<div class=\"elementor-row\">\n\t\t\t\t\t<div class=\"elementor-column elementor-col-100 elementor-top-column elementor-element elementor-element-0b816ad\" data-id=\"0b816ad\" data-element_type=\"column\">\n\t\t\t<div class=\"elementor-column-wrap elementor-element-populated\">\n\t\t\t\t\t\t\t<div class=\"elementor-widget-wrap\">\n\t\t\t\t\t\t<div class=\"elementor-element elementor-element-2a1e793 elementor-widget elementor-widget-heading\" data-id=\"2a1e793\" data-element_type=\"widget\" data-widget_type=\"heading.default\">\n\t\t\t\t<div class=\"elementor-widget-container\">\n\t\t\t<h2 class=\"elementor-heading-title elementor-size-default\">DIE ERZIEHUNGSBERATUNG - in k\u00fcrzester Zeit zum Ziel!<\/h2>\t\t<\/div>\n\t\t\t\t<\/div>\n\t\t\t\t\t\t<\/div>\n\t\t\t\t\t<\/div>\n\t\t<\/div>\n\t\t\t\t\t\t\t\t<\/div>\n\t\t\t\t\t<\/div>\n\t\t<\/section>\n\t\t\t\t<section class=\"elementor-section elementor-top-section elementor-element elementor-element-4ef385d elementor-section-boxed elementor-section-height-default elementor-section-height-default\" data-id=\"4ef385d\" data-element_type=\"section\">\n\t\t\t\t\t\t<div class=\"elementor-container elementor-column-gap-default\">\n\t\t\t\t\t\t\t<div class=\"elementor-row\">\n\t\t\t\t\t<div class=\"elementor-column elementor-col-100 elementor-top-column elementor-element elementor-element-24852ef\" data-id=\"24852ef\" data-element_type=\"column\">\n\t\t\t<div class=\"elementor-column-wrap elementor-element-populated\">\n\t\t\t\t\t\t\t<div class=\"elementor-widget-wrap\">\n\t\t\t\t\t\t<div class=\"elementor-element elementor-element-d1a6c17 elementor-widget elementor-widget-text-editor\" data-id=\"d1a6c17\" data-element_type=\"widget\" data-widget_type=\"text-editor.default\">\n\t\t\t\t<div class=\"elementor-widget-container\">\n\t\t\t\t\t\t\t\t<div class=\"elementor-text-editor elementor-clearfix\">\n\t\t\t\t<p>Kennen Sie das: endlose Diskussionen \u00fcber Kleidung, Hausaufgaben, TV, Computerspiele, Zimmer aufr\u00e4umen und \u00e4hnliche unerfreuliche Themen. Und\u00a0 Eltern reagieren mit Druck, Erpressung, Meckern, N\u00f6rgeln, Kritisieren \u2013 alles mit eher kurzfristigem oder gar keinem Erfolg. Immer mehr Eltern entdecken: ich kann und will anders reagieren, um mit meinen Kindern in Frieden zu leben. Wie das geht, erarbeiten wir gemeinsam anhand Ihrer individuellen Familiensituation.<\/p><p>Das Verhalten der Kinder wird sich nur dann zum Guten ver\u00e4ndern, wenn sie etwas davon haben.<br \/>Eltern lernen die (bewussten und unbewussten) Ziele ihrer Kinder kennen und wie man angemessen damit umgeht. Sie verstehen, warum ihre Kinder so unterschiedlich sind, wie sensibel sie auf Spannungen und Ver\u00e4nderungen in der Familie reagieren und wie man sie stark genug macht, ihren eigenen Weg zu finden.<\/p><div><span>Durch eine ermutigende innere Haltung bekommen die Eltern mehr Gelassenheit, Konsequenz und Durchhalteverm\u00f6gen. Ihre Kinder werden mutiger, selbst\u00e4ndiger und beteiligen sich kooperativer am Familienalltag. Alle \u00fcbernehmen mehr Verantwortung f\u00fcr ihr Tun.<\/span><\/div><div><span>\u00a0<\/span><\/div>\t\t\t\t\t<\/div>\n\t\t\t\t\t\t<\/div>\n\t\t\t\t<\/div>\n\t\t\t\t\t\t<\/div>\n\t\t\t\t\t<\/div>\n\t\t<\/div>\n\t\t\t\t\t\t\t\t<\/div>\n\t\t\t\t\t<\/div>\n\t\t<\/section>\n\t\t\t\t<section class=\"elementor-section elementor-top-section elementor-element elementor-element-12ed969 elementor-section-boxed elementor-section-height-default elementor-section-height-default\" data-id=\"12ed969\" data-element_type=\"section\">\n\t\t\t\t\t\t<div class=\"elementor-container elementor-column-gap-default\">\n\t\t\t\t\t\t\t<div class=\"elementor-row\">\n\t\t\t\t\t<div class=\"elementor-column elementor-col-33 elementor-top-column elementor-element elementor-element-b58c440\" data-id=\"b58c440\" data-element_type=\"column\">\n\t\t\t<div class=\"elementor-column-wrap elementor-element-populated\">\n\t\t\t\t\t\t\t<div class=\"elementor-widget-wrap\">\n\t\t\t\t\t\t<div class=\"elementor-element elementor-element-b7354e9 elementor-widget elementor-widget-image\" data-id=\"b7354e9\" data-element_type=\"widget\" data-widget_type=\"image.default\">\n\t\t\t\t<div class=\"elementor-widget-container\">\n\t\t\t\t\t\t\t\t<div class=\"elementor-image\">\n\t\t\t\t\t\t\t\t\t\t\t\t<img decoding=\"async\" width=\"200\" height=\"193\" src=\"https:\/\/mutbaum.de\/wp-content\/uploads\/2019\/11\/Kinderreitend.jpg\" class=\"attachment-large size-large\" alt=\"\" loading=\"lazy\" \/>\t\t\t\t\t\t\t\t\t\t\t\t\t\t<\/div>\n\t\t\t\t\t\t<\/div>\n\t\t\t\t<\/div>\n\t\t\t\t\t\t<\/div>\n\t\t\t\t\t<\/div>\n\t\t<\/div>\n\t\t\t\t<div class=\"elementor-column elementor-col-66 elementor-top-column elementor-element elementor-element-ebacca7\" data-id=\"ebacca7\" data-element_type=\"column\">\n\t\t\t<div class=\"elementor-column-wrap elementor-element-populated\">\n\t\t\t\t\t\t\t<div class=\"elementor-widget-wrap\">\n\t\t\t\t\t\t<div class=\"elementor-element elementor-element-38620b3 elementor-widget elementor-widget-text-editor\" data-id=\"38620b3\" data-element_type=\"widget\" data-widget_type=\"text-editor.default\">\n\t\t\t\t<div class=\"elementor-widget-container\">\n\t\t\t\t\t\t\t\t<div class=\"elementor-text-editor elementor-clearfix\">\n\t\t\t\t<p><strong>Der Weg:<\/strong><span>\u00a0<\/span>Beratung und Information der Eltern. Sie legen fest, was wir bearbeiten und wie oft Sie kommen wollen. Jeder Termin bringt greifbare Ergebnisse und Tipps f\u00fcr den Alltag. Ab dem 2. Termin sind auch online-Beratungen m\u00f6glich. Oft reichen 1-2 Beratungstermine aus, nach denen Sie selbst mit Ihrer Familie die erlernten Methoden und Werkzeuge erfolgreich einsetzen k\u00f6nnen, Ihre Kinder f\u00fchlen sich wohler und geborgener und sind dadurch viel eher bereit, zu kooperieren.<\/p><p><strong>Das Ziel:<\/strong><span>\u00a0<\/span>eine lebenslange, liebevolle und unterst\u00fctzende Beziehung zwischen Eltern und Kindern.<\/p>\t\t\t\t\t<\/div>\n\t\t\t\t\t\t<\/div>\n\t\t\t\t<\/div>\n\t\t\t\t\t\t<\/div>\n\t\t\t\t\t<\/div>\n\t\t<\/div>\n\t\t\t\t\t\t\t\t<\/div>\n\t\t\t\t\t<\/div>\n\t\t<\/section>\n\t\t\t\t<section class=\"elementor-section elementor-top-section elementor-element elementor-element-25e5731 elementor-section-boxed elementor-section-height-default elementor-section-height-default\" data-id=\"25e5731\" data-element_type=\"section\">\n\t\t\t\t\t\t<div class=\"elementor-container elementor-column-gap-default\">\n\t\t\t\t\t\t\t<div class=\"elementor-row\">\n\t\t\t\t\t<div class=\"elementor-column elementor-col-100 elementor-top-column elementor-element elementor-element-14cc508\" data-id=\"14cc508\" data-element_type=\"column\">\n\t\t\t<div class=\"elementor-column-wrap elementor-element-populated\">\n\t\t\t\t\t\t\t<div class=\"elementor-widget-wrap\">\n\t\t\t\t\t\t<div class=\"elementor-element elementor-element-a74e992 elementor-widget elementor-widget-text-editor\" data-id=\"a74e992\" data-element_type=\"widget\" data-widget_type=\"text-editor.default\">\n\t\t\t\t<div class=\"elementor-widget-container\">\n\t\t\t\t\t\t\t\t<div class=\"elementor-text-editor elementor-clearfix\">\n\t\t\t\t\t\t\t\t\t<\/div>\n\t\t\t\t\t\t<\/div>\n\t\t\t\t<\/div>\n\t\t\t\t<div class=\"elementor-element elementor-element-0034d1f elementor-widget-divider--view-line elementor-widget elementor-widget-divider\" data-id=\"0034d1f\" data-element_type=\"widget\" data-widget_type=\"divider.default\">\n\t\t\t\t<div class=\"elementor-widget-container\">\n\t\t\t\t\t<div class=\"elementor-divider\">\n\t\t\t<span class=\"elementor-divider-separator\">\n\t\t\t\t\t\t<\/span>\n\t\t<\/div>\n\t\t\t\t<\/div>\n\t\t\t\t<\/div>\n\t\t\t\t\t\t<\/div>\n\t\t\t\t\t<\/div>\n\t\t<\/div>\n\t\t\t\t\t\t\t\t<\/div>\n\t\t\t\t\t<\/div>\n\t\t<\/section>\n\t\t\t\t<section class=\"elementor-section elementor-top-section elementor-element elementor-element-4c88795 elementor-section-boxed elementor-section-height-default elementor-section-height-default\" data-id=\"4c88795\" data-element_type=\"section\">\n\t\t\t\t\t\t<div class=\"elementor-container elementor-column-gap-default\">\n\t\t\t\t\t\t\t<div class=\"elementor-row\">\n\t\t\t\t\t<div class=\"elementor-column elementor-col-100 elementor-top-column elementor-element elementor-element-b0acea0\" data-id=\"b0acea0\" data-element_type=\"column\">\n\t\t\t<div class=\"elementor-column-wrap elementor-element-populated\">\n\t\t\t\t\t\t\t<div class=\"elementor-widget-wrap\">\n\t\t\t\t\t\t<div class=\"elementor-element elementor-element-1dd3bfc elementor-widget elementor-widget-heading\" data-id=\"1dd3bfc\" data-element_type=\"widget\" data-widget_type=\"heading.default\">\n\t\t\t\t<div class=\"elementor-widget-container\">\n\t\t\t<h2 class=\"elementor-heading-title elementor-size-default\">DIE LEBENSBERATUNG<\/h2>\t\t<\/div>\n\t\t\t\t<\/div>\n\t\t\t\t\t\t<\/div>\n\t\t\t\t\t<\/div>\n\t\t<\/div>\n\t\t\t\t\t\t\t\t<\/div>\n\t\t\t\t\t<\/div>\n\t\t<\/section>\n\t\t\t\t<section class=\"elementor-section elementor-top-section elementor-element elementor-element-75917bf elementor-section-boxed elementor-section-height-default elementor-section-height-default\" data-id=\"75917bf\" data-element_type=\"section\">\n\t\t\t\t\t\t<div class=\"elementor-container elementor-column-gap-default\">\n\t\t\t\t\t\t\t<div class=\"elementor-row\">\n\t\t\t\t\t<div class=\"elementor-column elementor-col-66 elementor-top-column elementor-element elementor-element-245930b\" data-id=\"245930b\" data-element_type=\"column\">\n\t\t\t<div class=\"elementor-column-wrap elementor-element-populated\">\n\t\t\t\t\t\t\t<div class=\"elementor-widget-wrap\">\n\t\t\t\t\t\t<div class=\"elementor-element elementor-element-52999db elementor-widget elementor-widget-text-editor\" data-id=\"52999db\" data-element_type=\"widget\" data-widget_type=\"text-editor.default\">\n\t\t\t\t<div class=\"elementor-widget-container\">\n\t\t\t\t\t\t\t\t<div class=\"elementor-text-editor elementor-clearfix\">\n\t\t\t\t<p><span>Fragen Sie sich auch manchmal, warum Sie immer wieder in \u00e4hnliche Situationen geraten in Partnerschaft, Familie, Freundeskreis oder am Arbeitsplatz? Gibt es Gr\u00fcnde, f\u00fcr die Sie nichts k\u00f6nnen, oder l\u00e4sst sich daran etwas \u00e4ndern? Wenn wir unsere Verhaltensmuster erkennen, lernen wir auch zu verstehen, was bisher unser Denken und Handeln bestimmt oder blockiert hat. In der Beratung bekommen Sie durch praktische \u00dcbungen und Beispiele die M\u00f6glichkeit, sich selbst und ihr Verhalten erst mal liebevoll anzunehmen und zu verstehen. Sie lernen das Prinzip Ermutigung kennen und anwenden.<br \/><\/span><\/p>\t\t\t\t\t<\/div>\n\t\t\t\t\t\t<\/div>\n\t\t\t\t<\/div>\n\t\t\t\t\t\t<\/div>\n\t\t\t\t\t<\/div>\n\t\t<\/div>\n\t\t\t\t<div class=\"elementor-column elementor-col-33 elementor-top-column elementor-element elementor-element-ab06afd\" data-id=\"ab06afd\" data-element_type=\"column\">\n\t\t\t<div class=\"elementor-column-wrap elementor-element-populated\">\n\t\t\t\t\t\t\t<div class=\"elementor-widget-wrap\">\n\t\t\t\t\t\t<div class=\"elementor-element elementor-element-3b1515e elementor-widget elementor-widget-image\" data-id=\"3b1515e\" data-element_type=\"widget\" data-widget_type=\"image.default\">\n\t\t\t\t<div class=\"elementor-widget-container\">\n\t\t\t\t\t\t\t\t<div class=\"elementor-image\">\n\t\t\t\t\t\t\t\t\t\t\t\t<img decoding=\"async\" width=\"200\" height=\"193\" src=\"https:\/\/mutbaum.de\/wp-content\/uploads\/2019\/11\/Gesprach.jpg\" class=\"attachment-large size-large\" alt=\"\" loading=\"lazy\" \/>\t\t\t\t\t\t\t\t\t\t\t\t\t\t<\/div>\n\t\t\t\t\t\t<\/div>\n\t\t\t\t<\/div>\n\t\t\t\t\t\t<\/div>\n\t\t\t\t\t<\/div>\n\t\t<\/div>\n\t\t\t\t\t\t\t\t<\/div>\n\t\t\t\t\t<\/div>\n\t\t<\/section>\n\t\t\t\t<section class=\"elementor-section elementor-top-section elementor-element elementor-element-39497a2 elementor-section-boxed elementor-section-height-default elementor-section-height-default\" data-id=\"39497a2\" data-element_type=\"section\">\n\t\t\t\t\t\t<div class=\"elementor-container elementor-column-gap-default\">\n\t\t\t\t\t\t\t<div class=\"elementor-row\">\n\t\t\t\t\t<div class=\"elementor-column elementor-col-100 elementor-top-column elementor-element elementor-element-a07b17b\" data-id=\"a07b17b\" data-element_type=\"column\">\n\t\t\t<div class=\"elementor-column-wrap elementor-element-populated\">\n\t\t\t\t\t\t\t<div class=\"elementor-widget-wrap\">\n\t\t\t\t\t\t<div class=\"elementor-element elementor-element-256cb57 elementor-widget elementor-widget-text-editor\" data-id=\"256cb57\" data-element_type=\"widget\" data-widget_type=\"text-editor.default\">\n\t\t\t\t<div class=\"elementor-widget-container\">\n\t\t\t\t\t\t\t\t<div class=\"elementor-text-editor elementor-clearfix\">\n\t\t\t\t<p><strong>Der Weg<\/strong>: Wir lernen einander kennen und Sie entscheiden, ob Sie sich mit mir auf den Weg machen wollen, sich selbst besser zu verstehen und alternative Denk- und Handlungsweisen zu lernen. Ab dem zweiten Termin k\u00f6nnen die Beratungen auch online erfolgen.<\/p><p><strong>Das Ziel:<\/strong><span>\u00a0<\/span>Gl\u00fcck, Zufriedenheit und Frieden mit uns selbst und anderen. Und dann stellen Sie fest: Sie ver\u00e4ndern sich positiv und pl\u00f6tzlich auch Ihre Mitmenschen. Sie kommen besser zurecht und haben mehr Kraft f\u00fcr die Aufgaben, die Ihnen das Leben stellt. Sie legen fest, was wir bearbeiten und wie oft Sie kommen wollen. Jeder Termin bringt greifbare Ergebnisse und Tipps f\u00fcr den Alltag. Oft reichen wenige Beratungstermine aus, um mit sich selbst weiter arbeiten zu k\u00f6nnen.<\/p>\t\t\t\t\t<\/div>\n\t\t\t\t\t\t<\/div>\n\t\t\t\t<\/div>\n\t\t\t\t<div class=\"elementor-element elementor-element-c943202 elementor-widget-divider--view-line elementor-widget elementor-widget-divider\" data-id=\"c943202\" data-element_type=\"widget\" data-widget_type=\"divider.default\">\n\t\t\t\t<div class=\"elementor-widget-container\">\n\t\t\t\t\t<div class=\"elementor-divider\">\n\t\t\t<span class=\"elementor-divider-separator\">\n\t\t\t\t\t\t<\/span>\n\t\t<\/div>\n\t\t\t\t<\/div>\n\t\t\t\t<\/div>\n\t\t\t\t<div class=\"elementor-element elementor-element-bb39e2e elementor-widget elementor-widget-heading\" data-id=\"bb39e2e\" data-element_type=\"widget\" data-widget_type=\"heading.default\">\n\t\t\t\t<div class=\"elementor-widget-container\">\n\t\t\t<h2 class=\"elementor-heading-title elementor-size-default\">DIE PAARBERATUNG<\/h2>\t\t<\/div>\n\t\t\t\t<\/div>\n\t\t\t\t\t\t<\/div>\n\t\t\t\t\t<\/div>\n\t\t<\/div>\n\t\t\t\t\t\t\t\t<\/div>\n\t\t\t\t\t<\/div>\n\t\t<\/section>\n\t\t\t\t<section class=\"elementor-section elementor-top-section elementor-element elementor-element-d6076aa elementor-section-boxed elementor-section-height-default elementor-section-height-default\" data-id=\"d6076aa\" data-element_type=\"section\">\n\t\t\t\t\t\t<div class=\"elementor-container elementor-column-gap-default\">\n\t\t\t\t\t\t\t<div class=\"elementor-row\">\n\t\t\t\t\t<div class=\"elementor-column elementor-col-33 elementor-top-column elementor-element elementor-element-6866b03\" data-id=\"6866b03\" data-element_type=\"column\">\n\t\t\t<div class=\"elementor-column-wrap elementor-element-populated\">\n\t\t\t\t\t\t\t<div class=\"elementor-widget-wrap\">\n\t\t\t\t\t\t<div class=\"elementor-element elementor-element-c0d293f elementor-widget elementor-widget-image\" data-id=\"c0d293f\" data-element_type=\"widget\" data-widget_type=\"image.default\">\n\t\t\t\t<div class=\"elementor-widget-container\">\n\t\t\t\t\t\t\t\t<div class=\"elementor-image\">\n\t\t\t\t\t\t\t\t\t\t\t\t<img decoding=\"async\" width=\"200\" height=\"193\" src=\"https:\/\/mutbaum.de\/wp-content\/uploads\/2019\/11\/Paargespraech.jpg\" class=\"attachment-large size-large\" alt=\"\" loading=\"lazy\" \/>\t\t\t\t\t\t\t\t\t\t\t\t\t\t<\/div>\n\t\t\t\t\t\t<\/div>\n\t\t\t\t<\/div>\n\t\t\t\t\t\t<\/div>\n\t\t\t\t\t<\/div>\n\t\t<\/div>\n\t\t\t\t<div class=\"elementor-column elementor-col-66 elementor-top-column elementor-element elementor-element-eccd087\" data-id=\"eccd087\" data-element_type=\"column\">\n\t\t\t<div class=\"elementor-column-wrap elementor-element-populated\">\n\t\t\t\t\t\t\t<div class=\"elementor-widget-wrap\">\n\t\t\t\t\t\t<div class=\"elementor-element elementor-element-866c7c2 elementor-widget elementor-widget-text-editor\" data-id=\"866c7c2\" data-element_type=\"widget\" data-widget_type=\"text-editor.default\">\n\t\t\t\t<div class=\"elementor-widget-container\">\n\t\t\t\t\t\t\t\t<div class=\"elementor-text-editor elementor-clearfix\">\n\t\t\t\t<p><span>Partnerschaft ist eine lebenslange Liebes-Aufgabe und alles andere als einfach. F\u00fcr so Vieles brauchen wir Zeit und Energie, oft bleibt davon wenig \u00fcbrig f\u00fcr den wichtigsten Menschen an unserer Seite. Manchmal merken wir erst durch st\u00f6rendes Verhalten unserer Kinder, dass im System Familie etwas nicht stimmt. Krise als Chance f\u00fcr einen Neuanfang. In diesem Sinne lernen Sie sich selbst und Ihren Partner besser kennen und erhalten viele wertvolle Tipps f\u00fcr Ihren gemeinsamen Alltag.<\/span><\/p>\t\t\t\t\t<\/div>\n\t\t\t\t\t\t<\/div>\n\t\t\t\t<\/div>\n\t\t\t\t\t\t<\/div>\n\t\t\t\t\t<\/div>\n\t\t<\/div>\n\t\t\t\t\t\t\t\t<\/div>\n\t\t\t\t\t<\/div>\n\t\t<\/section>\n\t\t\t\t<section class=\"elementor-section elementor-top-section elementor-element elementor-element-1807112 elementor-section-boxed elementor-section-height-default elementor-section-height-default\" data-id=\"1807112\" data-element_type=\"section\">\n\t\t\t\t\t\t<div class=\"elementor-container elementor-column-gap-default\">\n\t\t\t\t\t\t\t<div class=\"elementor-row\">\n\t\t\t\t\t<div class=\"elementor-column elementor-col-100 elementor-top-column elementor-element elementor-element-a9abce6\" data-id=\"a9abce6\" data-element_type=\"column\">\n\t\t\t<div class=\"elementor-column-wrap elementor-element-populated\">\n\t\t\t\t\t\t\t<div class=\"elementor-widget-wrap\">\n\t\t\t\t\t\t<div class=\"elementor-element elementor-element-e48f60a elementor-widget elementor-widget-text-editor\" data-id=\"e48f60a\" data-element_type=\"widget\" data-widget_type=\"text-editor.default\">\n\t\t\t\t<div class=\"elementor-widget-container\">\n\t\t\t\t\t\t\t\t<div class=\"elementor-text-editor elementor-clearfix\">\n\t\t\t\t<p><span>Eine ermutigende Grundhaltung lehrt uns, alle Menschen als Bergwerk, reich an Edelsteinen zu begreifen und zu behandeln. Dann bekommt auch eine m\u00fchsam gewordene Beziehung neuen Glanz. Selbst wenn Ihr Partner \/ Ihre Partnerin diesen Weg f\u00fcr sich zun\u00e4chst ablehnt, k\u00f6nnen Sie sehr gut alleine die ersten Schritte in der Beratung gehen und Sie werden merken, wie viel Sie zum Guten bewirken. Sie legen fest, was wir bearbeiten und wie oft Sie kommen wollen. Jeder Termin bringt greifbare Ergebnisse und Tipps f\u00fcr den Alltag. Oft reichen wenige Beratungstermine aus, bis Sie f\u00fcr die weiteren eigenen Schritte ger\u00fcstet sind.<\/span><\/p>\t\t\t\t\t<\/div>\n\t\t\t\t\t\t<\/div>\n\t\t\t\t<\/div>\n\t\t\t\t\t\t<\/div>\n\t\t\t\t\t<\/div>\n\t\t<\/div>\n\t\t\t\t\t\t\t\t<\/div>\n\t\t\t\t\t<\/div>\n\t\t<\/section>\n\t\t\t\t\t\t\t\t\t<\/div>\n\t\t\t<\/div>\n\t\t\t\t\t<\/div>\n\t\t","protected":false},"excerpt":{"rendered":"<p>Erziehungsberatung | Lebensberatung | Paarberatung &#8211; auch ONLINE m\u00f6glich DIE ERZIEHUNGSBERATUNG &#8211; in k\u00fcrzester Zeit zum Ziel! Kennen Sie das: endlose Diskussionen \u00fcber Kleidung, Hausaufgaben, TV, Computerspiele, Zimmer aufr\u00e4umen und \u00e4hnliche unerfreuliche Themen. Und\u00a0 Eltern reagieren mit Druck, Erpressung, Meckern, N\u00f6rgeln, Kritisieren \u2013 alles mit eher kurzfristigem oder gar keinem [&hellip;]<\/p>\n","protected":false},"author":1,"featured_media":0,"parent":0,"menu_order":0,"comment_status":"closed","ping_status":"closed","template":"page-templates\/template-pagebuilder-full-width.php","meta":[],"_links":{"self":[{"href":"https:\/\/mutbaum.de\/index.php\/wp-json\/wp\/v2\/pages\/12"}],"collection":[{"href":"https:\/\/mutbaum.de\/index.php\/wp-json\/wp\/v2\/pages"}],"about":[{"href":"https:\/\/mutbaum.de\/index.php\/wp-json\/wp\/v2\/types\/page"}],"author":[{"embeddable":true,"href":"https:\/\/mutbaum.de\/index.php\/wp-json\/wp\/v2\/users\/1"}],"replies":[{"embeddable":true,"href":"https:\/\/mutbaum.de\/index.php\/wp-json\/wp\/v2\/comments?post=12"}],"version-history":[{"count":25,"href":"https:\/\/mutbaum.de\/index.php\/wp-json\/wp\/v2\/pages\/12\/revisions"}],"predecessor-version":[{"id":518,"href":"https:\/\/mutbaum.de\/index.php\/wp-json\/wp\/v2\/pages\/12\/revisions\/518"}],"wp:attachment":[{"href":"https:\/\/mutbaum.de\/index.php\/wp-json\/wp\/v2\/media?parent=12"}],"curies":[{"name":"wp","href":"https:\/\/api.w.org\/{rel}","templated":true}]}}