{"id":14,"date":"2019-11-04T09:01:23","date_gmt":"2019-11-04T09:01:23","guid":{"rendered":"https:\/\/datenrettung.rait-servers.de\/?page_id=14"},"modified":"2022-01-14T09:31:06","modified_gmt":"2022-01-14T09:31:06","slug":"trainings","status":"publish","type":"page","link":"https:\/\/mutbaum.de\/index.php\/trainings\/","title":{"rendered":"Trainings"},"content":{"rendered":"\t\t<div data-elementor-type=\"wp-page\" data-elementor-id=\"14\" class=\"elementor elementor-14\">\n\t\t\t\t\t\t<div class=\"elementor-inner\">\n\t\t\t\t<div class=\"elementor-section-wrap\">\n\t\t\t\t\t\t\t\t\t<section class=\"elementor-section elementor-top-section elementor-element elementor-element-51d2026 elementor-section-boxed elementor-section-height-default elementor-section-height-default\" data-id=\"51d2026\" data-element_type=\"section\">\n\t\t\t\t\t\t<div class=\"elementor-container elementor-column-gap-default\">\n\t\t\t\t\t\t\t<div class=\"elementor-row\">\n\t\t\t\t\t<div class=\"elementor-column elementor-col-100 elementor-top-column elementor-element elementor-element-3dc64e3\" data-id=\"3dc64e3\" data-element_type=\"column\">\n\t\t\t<div class=\"elementor-column-wrap elementor-element-populated\">\n\t\t\t\t\t\t\t<div class=\"elementor-widget-wrap\">\n\t\t\t\t\t\t<div class=\"elementor-element elementor-element-e258a79 elementor-widget elementor-widget-spacer\" data-id=\"e258a79\" data-element_type=\"widget\" data-widget_type=\"spacer.default\">\n\t\t\t\t<div class=\"elementor-widget-container\">\n\t\t\t\t\t<div class=\"elementor-spacer\">\n\t\t\t<div class=\"elementor-spacer-inner\"><\/div>\n\t\t<\/div>\n\t\t\t\t<\/div>\n\t\t\t\t<\/div>\n\t\t\t\t<div class=\"elementor-element elementor-element-58f6a86 elementor-widget elementor-widget-heading\" data-id=\"58f6a86\" data-element_type=\"widget\" data-widget_type=\"heading.default\">\n\t\t\t\t<div class=\"elementor-widget-container\">\n\t\t\t<h2 class=\"elementor-heading-title elementor-size-default\">Trainings<\/h2>\t\t<\/div>\n\t\t\t\t<\/div>\n\t\t\t\t\t\t<\/div>\n\t\t\t\t\t<\/div>\n\t\t<\/div>\n\t\t\t\t\t\t\t\t<\/div>\n\t\t\t\t\t<\/div>\n\t\t<\/section>\n\t\t\t\t<section class=\"elementor-section elementor-top-section elementor-element elementor-element-15c7259 elementor-section-boxed elementor-section-height-default elementor-section-height-default\" data-id=\"15c7259\" data-element_type=\"section\">\n\t\t\t\t\t\t<div class=\"elementor-container elementor-column-gap-default\">\n\t\t\t\t\t\t\t<div class=\"elementor-row\">\n\t\t\t\t\t<div class=\"elementor-column elementor-col-100 elementor-top-column elementor-element elementor-element-b325964\" data-id=\"b325964\" data-element_type=\"column\">\n\t\t\t<div class=\"elementor-column-wrap elementor-element-populated\">\n\t\t\t\t\t\t\t<div class=\"elementor-widget-wrap\">\n\t\t\t\t\t\t<div class=\"elementor-element elementor-element-88d5285 elementor-widget elementor-widget-text-editor\" data-id=\"88d5285\" data-element_type=\"widget\" data-widget_type=\"text-editor.default\">\n\t\t\t\t<div class=\"elementor-widget-container\">\n\t\t\t\t\t\t\t\t<div class=\"elementor-text-editor elementor-clearfix\">\n\t\t\t\t<p>Der Weg der Ermutigung l\u00e4sst sich am besten durch Trainings mit \u00dcbungen und gegenseitiger Unterst\u00fctzung erlernen. Mein Ermutigungs- und Elterntraining gibt\u00b4s in meiner Praxis in Biberach, sowie extern in Gemeinden und bei Bildungstr\u00e4gern.<\/p><p>Die Trainings beginnen im Januar und September nach den Schulferien.<br \/><br \/>Sobald mindestens f\u00fcnf Anmeldungen eingegangen sind, wird eine neue Gruppe gebildet, wahlweise als<\/p>\t\t\t\t\t<\/div>\n\t\t\t\t\t\t<\/div>\n\t\t\t\t<\/div>\n\t\t\t\t\t\t<\/div>\n\t\t\t\t\t<\/div>\n\t\t<\/div>\n\t\t\t\t\t\t\t\t<\/div>\n\t\t\t\t\t<\/div>\n\t\t<\/section>\n\t\t\t\t<section class=\"elementor-section elementor-top-section elementor-element elementor-element-8894471 elementor-section-boxed elementor-section-height-default elementor-section-height-default\" data-id=\"8894471\" data-element_type=\"section\">\n\t\t\t\t\t\t<div class=\"elementor-container elementor-column-gap-default\">\n\t\t\t\t\t\t\t<div class=\"elementor-row\">\n\t\t\t\t\t<div class=\"elementor-column elementor-col-66 elementor-top-column elementor-element elementor-element-0ce7c16\" data-id=\"0ce7c16\" data-element_type=\"column\">\n\t\t\t<div class=\"elementor-column-wrap elementor-element-populated\">\n\t\t\t\t\t\t\t<div class=\"elementor-widget-wrap\">\n\t\t\t\t\t\t<div class=\"elementor-element elementor-element-4091ed9 elementor-widget elementor-widget-text-editor\" data-id=\"4091ed9\" data-element_type=\"widget\" data-widget_type=\"text-editor.default\">\n\t\t\t\t<div class=\"elementor-widget-container\">\n\t\t\t\t\t\t\t\t<div class=\"elementor-text-editor elementor-clearfix\">\n\t\t\t\t<ul>\n<li><strong>Ermutigungstraining<\/strong><span>&nbsp;<\/span>\u201eUmgang mit mir selbst\u201c<br>\u00b7 6 Einheiten abends<br><\/li>\n<li><strong>Elterntraining<\/strong><span>&nbsp;<\/span>\u201emit Mut erziehen\u201c<br>\u00b7 7 Einheiten (derzeit Donnerstag nachmittags im Familienzentrum Maselheim)<br>Kosten\u00fcbernahme f\u00fcr Familien in schwieriger Situation (ST\u00c4RKEplus)<\/li>\n<li><strong>Familienrat-Training<\/strong><span>&nbsp;<\/span>nach dem Motto von Rudolf Dreikurs: \u201eAlle Familienmitglieder sind gleichwertige Partner in der Familie, mit Aufgaben und Verantwortung,enttsprechend ihren individuellen F\u00e4higkeiten\u201c.&nbsp;&nbsp;&nbsp;&nbsp;&nbsp;&nbsp;&nbsp;&nbsp;&nbsp;&nbsp;&nbsp;&nbsp;&nbsp;&nbsp;&nbsp;&nbsp;&nbsp;&nbsp;&nbsp;&nbsp;&nbsp;&nbsp;&nbsp;&nbsp;&nbsp;&nbsp; Sechs Einheiten an drei Samstagen f\u00fcr Eltern (-Paare).Anmeldung bei der evang. Familienbildungsst\u00e4tte (FBS) Biberach oder per mail bei mir.<\/li>\n<\/ul>\t\t\t\t\t<\/div>\n\t\t\t\t\t\t<\/div>\n\t\t\t\t<\/div>\n\t\t\t\t\t\t<\/div>\n\t\t\t\t\t<\/div>\n\t\t<\/div>\n\t\t\t\t<div class=\"elementor-column elementor-col-33 elementor-top-column elementor-element elementor-element-0a6dfe6\" data-id=\"0a6dfe6\" data-element_type=\"column\">\n\t\t\t<div class=\"elementor-column-wrap elementor-element-populated\">\n\t\t\t\t\t\t\t<div class=\"elementor-widget-wrap\">\n\t\t\t\t\t\t<div class=\"elementor-element elementor-element-04b37b0 elementor-widget elementor-widget-image\" data-id=\"04b37b0\" data-element_type=\"widget\" data-widget_type=\"image.default\">\n\t\t\t\t<div class=\"elementor-widget-container\">\n\t\t\t\t\t\t\t\t<div class=\"elementor-image\">\n\t\t\t\t\t\t\t\t\t\t\t\t<img decoding=\"async\" width=\"200\" height=\"222\" src=\"https:\/\/mutbaum.de\/wp-content\/uploads\/2019\/11\/eltern.jpg\" class=\"attachment-large size-large\" alt=\"\" loading=\"lazy\" \/>\t\t\t\t\t\t\t\t\t\t\t\t\t\t<\/div>\n\t\t\t\t\t\t<\/div>\n\t\t\t\t<\/div>\n\t\t\t\t\t\t<\/div>\n\t\t\t\t\t<\/div>\n\t\t<\/div>\n\t\t\t\t\t\t\t\t<\/div>\n\t\t\t\t\t<\/div>\n\t\t<\/section>\n\t\t\t\t<section class=\"elementor-section elementor-top-section elementor-element elementor-element-08779b0 elementor-section-boxed elementor-section-height-default elementor-section-height-default\" data-id=\"08779b0\" data-element_type=\"section\">\n\t\t\t\t\t\t<div class=\"elementor-container elementor-column-gap-default\">\n\t\t\t\t\t\t\t<div class=\"elementor-row\">\n\t\t\t\t\t<div class=\"elementor-column elementor-col-100 elementor-top-column elementor-element elementor-element-f15e491\" data-id=\"f15e491\" data-element_type=\"column\">\n\t\t\t<div class=\"elementor-column-wrap elementor-element-populated\">\n\t\t\t\t\t\t\t<div class=\"elementor-widget-wrap\">\n\t\t\t\t\t\t<div class=\"elementor-element elementor-element-2232d7b elementor-widget elementor-widget-text-editor\" data-id=\"2232d7b\" data-element_type=\"widget\" data-widget_type=\"text-editor.default\">\n\t\t\t\t<div class=\"elementor-widget-container\">\n\t\t\t\t\t\t\t\t<div class=\"elementor-text-editor elementor-clearfix\">\n\t\t\t\t<div class=\"page\"><div class=\"content\"><p><strong>R\u00fcckmeldungen von Eltern und anderen Teilnehmern: das Training hat mein Leben zum Positiven ver\u00e4ndert<\/strong>, die Atmosph\u00e4re zuhause ist wesentlich angenehmer, ich selbst f\u00fchle mich sicherer und mutiger im Umgang mit mir selbst, den Kindern und anderen Menschen.<\/p><\/div><\/div>\t\t\t\t\t<\/div>\n\t\t\t\t\t\t<\/div>\n\t\t\t\t<\/div>\n\t\t\t\t\t\t<\/div>\n\t\t\t\t\t<\/div>\n\t\t<\/div>\n\t\t\t\t\t\t\t\t<\/div>\n\t\t\t\t\t<\/div>\n\t\t<\/section>\n\t\t\t\t\t\t\t\t\t<\/div>\n\t\t\t<\/div>\n\t\t\t\t\t<\/div>\n\t\t","protected":false},"excerpt":{"rendered":"<p>Trainings Der Weg der Ermutigung l\u00e4sst sich am besten durch Trainings mit \u00dcbungen und gegenseitiger Unterst\u00fctzung erlernen. Mein Ermutigungs- und Elterntraining gibt\u00b4s in meiner Praxis in Biberach, sowie extern in Gemeinden und bei Bildungstr\u00e4gern. Die Trainings beginnen im Januar und September nach den Schulferien. Sobald mindestens f\u00fcnf Anmeldungen eingegangen sind, [&hellip;]<\/p>\n","protected":false},"author":1,"featured_media":0,"parent":0,"menu_order":0,"comment_status":"closed","ping_status":"closed","template":"page-templates\/template-pagebuilder-full-width.php","meta":[],"_links":{"self":[{"href":"https:\/\/mutbaum.de\/index.php\/wp-json\/wp\/v2\/pages\/14"}],"collection":[{"href":"https:\/\/mutbaum.de\/index.php\/wp-json\/wp\/v2\/pages"}],"about":[{"href":"https:\/\/mutbaum.de\/index.php\/wp-json\/wp\/v2\/types\/page"}],"author":[{"embeddable":true,"href":"https:\/\/mutbaum.de\/index.php\/wp-json\/wp\/v2\/users\/1"}],"replies":[{"embeddable":true,"href":"https:\/\/mutbaum.de\/index.php\/wp-json\/wp\/v2\/comments?post=14"}],"version-history":[{"count":10,"href":"https:\/\/mutbaum.de\/index.php\/wp-json\/wp\/v2\/pages\/14\/revisions"}],"predecessor-version":[{"id":336,"href":"https:\/\/mutbaum.de\/index.php\/wp-json\/wp\/v2\/pages\/14\/revisions\/336"}],"wp:attachment":[{"href":"https:\/\/mutbaum.de\/index.php\/wp-json\/wp\/v2\/media?parent=14"}],"curies":[{"name":"wp","href":"https:\/\/api.w.org\/{rel}","templated":true}]}}