{"id":16,"date":"2019-11-04T09:01:33","date_gmt":"2019-11-04T09:01:33","guid":{"rendered":"https:\/\/datenrettung.rait-servers.de\/?page_id=16"},"modified":"2019-11-06T16:15:59","modified_gmt":"2019-11-06T16:15:59","slug":"staerke","status":"publish","type":"page","link":"https:\/\/mutbaum.de\/index.php\/staerke\/","title":{"rendered":"St\u00e4rke"},"content":{"rendered":"\t\t<div data-elementor-type=\"wp-page\" data-elementor-id=\"16\" class=\"elementor elementor-16\">\n\t\t\t\t\t\t<div class=\"elementor-inner\">\n\t\t\t\t<div class=\"elementor-section-wrap\">\n\t\t\t\t\t\t\t\t\t<section class=\"elementor-section elementor-top-section elementor-element elementor-element-4c8dca0 elementor-section-boxed elementor-section-height-default elementor-section-height-default\" data-id=\"4c8dca0\" data-element_type=\"section\">\n\t\t\t\t\t\t<div class=\"elementor-container elementor-column-gap-default\">\n\t\t\t\t\t\t\t<div class=\"elementor-row\">\n\t\t\t\t\t<div class=\"elementor-column elementor-col-100 elementor-top-column elementor-element elementor-element-a784931\" data-id=\"a784931\" data-element_type=\"column\">\n\t\t\t<div class=\"elementor-column-wrap elementor-element-populated\">\n\t\t\t\t\t\t\t<div class=\"elementor-widget-wrap\">\n\t\t\t\t\t\t<div class=\"elementor-element elementor-element-f177f1d elementor-widget elementor-widget-spacer\" data-id=\"f177f1d\" data-element_type=\"widget\" data-widget_type=\"spacer.default\">\n\t\t\t\t<div class=\"elementor-widget-container\">\n\t\t\t\t\t<div class=\"elementor-spacer\">\n\t\t\t<div class=\"elementor-spacer-inner\"><\/div>\n\t\t<\/div>\n\t\t\t\t<\/div>\n\t\t\t\t<\/div>\n\t\t\t\t<div class=\"elementor-element elementor-element-c00aea5 elementor-widget elementor-widget-heading\" data-id=\"c00aea5\" data-element_type=\"widget\" data-widget_type=\"heading.default\">\n\t\t\t\t<div class=\"elementor-widget-container\">\n\t\t\t<h2 class=\"elementor-heading-title elementor-size-default\">St\u00e4rke<\/h2>\t\t<\/div>\n\t\t\t\t<\/div>\n\t\t\t\t\t\t<\/div>\n\t\t\t\t\t<\/div>\n\t\t<\/div>\n\t\t\t\t\t\t\t\t<\/div>\n\t\t\t\t\t<\/div>\n\t\t<\/section>\n\t\t\t\t<section class=\"elementor-section elementor-top-section elementor-element elementor-element-f01fb39 elementor-section-boxed elementor-section-height-default elementor-section-height-default\" data-id=\"f01fb39\" data-element_type=\"section\">\n\t\t\t\t\t\t<div class=\"elementor-container elementor-column-gap-default\">\n\t\t\t\t\t\t\t<div class=\"elementor-row\">\n\t\t\t\t\t<div class=\"elementor-column elementor-col-100 elementor-top-column elementor-element elementor-element-6ef924c\" data-id=\"6ef924c\" data-element_type=\"column\">\n\t\t\t<div class=\"elementor-column-wrap elementor-element-populated\">\n\t\t\t\t\t\t\t<div class=\"elementor-widget-wrap\">\n\t\t\t\t\t\t<div class=\"elementor-element elementor-element-238b277 elementor-widget elementor-widget-text-editor\" data-id=\"238b277\" data-element_type=\"widget\" data-widget_type=\"text-editor.default\">\n\t\t\t\t<div class=\"elementor-widget-container\">\n\t\t\t\t\t\t\t\t<div class=\"elementor-text-editor elementor-clearfix\">\n\t\t\t\t<p>F\u00fcr mein Elterntraining &#8222;mit Mut erziehen&#8220; erhalten Familien in besonderer Lebens-Situation eine richtig wertvolle F\u00f6rderung. Dabei handelt es sich um das Landesprogramm &#8222;ST\u00c4RKEplus&#8220;, das Eltern in ihrer Erziehungskompetenz st\u00e4rken soll. Die Zulassung hierf\u00fcr habe ich von den Jugend\u00e4mtern Biberach und Ulm.<\/p><p>Das Training wird vom Landesprogramm ST\u00c4RKE vollst\u00e4ndig \u00fcbernommen.<\/p><p>Die Eltern schlie\u00dfen mit mir einen Vertrag, ich rechne meine Leistungen direkt und anonym mit der zust\u00e4ndigen Stelle ab. Diese erf\u00e4hrt keine Namen der Teilnehmer.<\/p><p>Familien mit folgenden Kriterien haben Anspruch auf die F\u00f6rderung durch das Programm &#8222;ST\u00c4RKEplus&#8220;:<\/p>\t\t\t\t\t<\/div>\n\t\t\t\t\t\t<\/div>\n\t\t\t\t<\/div>\n\t\t\t\t\t\t<\/div>\n\t\t\t\t\t<\/div>\n\t\t<\/div>\n\t\t\t\t\t\t\t\t<\/div>\n\t\t\t\t\t<\/div>\n\t\t<\/section>\n\t\t\t\t<section class=\"elementor-section elementor-top-section elementor-element elementor-element-40bfd01 elementor-section-boxed elementor-section-height-default elementor-section-height-default\" data-id=\"40bfd01\" data-element_type=\"section\">\n\t\t\t\t\t\t<div class=\"elementor-container elementor-column-gap-default\">\n\t\t\t\t\t\t\t<div class=\"elementor-row\">\n\t\t\t\t\t<div class=\"elementor-column elementor-col-66 elementor-top-column elementor-element elementor-element-b66bfcf\" data-id=\"b66bfcf\" data-element_type=\"column\">\n\t\t\t<div class=\"elementor-column-wrap elementor-element-populated\">\n\t\t\t\t\t\t\t<div class=\"elementor-widget-wrap\">\n\t\t\t\t\t\t<div class=\"elementor-element elementor-element-9c172db elementor-widget elementor-widget-text-editor\" data-id=\"9c172db\" data-element_type=\"widget\" data-widget_type=\"text-editor.default\">\n\t\t\t\t<div class=\"elementor-widget-container\">\n\t\t\t\t\t\t\t\t<div class=\"elementor-text-editor elementor-clearfix\">\n\t\t\t\t<ul><li>Alleinerziehende, Familien in Trennung \/ Scheidung<\/li><li>Mehrlingseltern<\/li><li>Migrationshintergrund in der Familie<\/li><li>Pflege- und Adoptivfamilien<\/li><li>Eltern unter 18 Jahren<\/li><li>Familien mit Gewalterfahrung<\/li><li>Belastung durch Behinderung, Krankheit (auch Suchtkrankheit) eines Famiienmitgliedes<\/li><li>Belastung durch Unfall oder Tod eines Familienmitgliedes<\/li><li>Familien mit gro\u00dfer finanzieller Belastung<\/li><\/ul>\t\t\t\t\t<\/div>\n\t\t\t\t\t\t<\/div>\n\t\t\t\t<\/div>\n\t\t\t\t\t\t<\/div>\n\t\t\t\t\t<\/div>\n\t\t<\/div>\n\t\t\t\t<div class=\"elementor-column elementor-col-33 elementor-top-column elementor-element elementor-element-fdf3bb4\" data-id=\"fdf3bb4\" data-element_type=\"column\">\n\t\t\t<div class=\"elementor-column-wrap elementor-element-populated\">\n\t\t\t\t\t\t\t<div class=\"elementor-widget-wrap\">\n\t\t\t\t\t\t<div class=\"elementor-element elementor-element-7d11498 elementor-widget elementor-widget-image\" data-id=\"7d11498\" data-element_type=\"widget\" data-widget_type=\"image.default\">\n\t\t\t\t<div class=\"elementor-widget-container\">\n\t\t\t\t\t\t\t\t<div class=\"elementor-image\">\n\t\t\t\t\t\t\t\t\t\t\t\t<img decoding=\"async\" width=\"537\" height=\"402\" src=\"https:\/\/mutbaum.de\/wp-content\/uploads\/2019\/11\/staerke_kinderland.jpg\" class=\"attachment-large size-large\" alt=\"\" loading=\"lazy\" srcset=\"https:\/\/mutbaum.de\/wp-content\/uploads\/2019\/11\/staerke_kinderland.jpg 537w, https:\/\/mutbaum.de\/wp-content\/uploads\/2019\/11\/staerke_kinderland-300x225.jpg 300w\" sizes=\"(max-width: 537px) 100vw, 537px\" \/>\t\t\t\t\t\t\t\t\t\t\t\t\t\t<\/div>\n\t\t\t\t\t\t<\/div>\n\t\t\t\t<\/div>\n\t\t\t\t\t\t<\/div>\n\t\t\t\t\t<\/div>\n\t\t<\/div>\n\t\t\t\t\t\t\t\t<\/div>\n\t\t\t\t\t<\/div>\n\t\t<\/section>\n\t\t\t\t\t\t\t\t\t<\/div>\n\t\t\t<\/div>\n\t\t\t\t\t<\/div>\n\t\t","protected":false},"excerpt":{"rendered":"<p>St\u00e4rke F\u00fcr mein Elterntraining &#8222;mit Mut erziehen&#8220; erhalten Familien in besonderer Lebens-Situation eine richtig wertvolle F\u00f6rderung. Dabei handelt es sich um das Landesprogramm &#8222;ST\u00c4RKEplus&#8220;, das Eltern in ihrer Erziehungskompetenz st\u00e4rken soll. Die Zulassung hierf\u00fcr habe ich von den Jugend\u00e4mtern Biberach und Ulm. Das Training wird vom Landesprogramm ST\u00c4RKE vollst\u00e4ndig \u00fcbernommen. [&hellip;]<\/p>\n","protected":false},"author":1,"featured_media":0,"parent":0,"menu_order":0,"comment_status":"closed","ping_status":"closed","template":"page-templates\/template-pagebuilder-full-width.php","meta":[],"_links":{"self":[{"href":"https:\/\/mutbaum.de\/index.php\/wp-json\/wp\/v2\/pages\/16"}],"collection":[{"href":"https:\/\/mutbaum.de\/index.php\/wp-json\/wp\/v2\/pages"}],"about":[{"href":"https:\/\/mutbaum.de\/index.php\/wp-json\/wp\/v2\/types\/page"}],"author":[{"embeddable":true,"href":"https:\/\/mutbaum.de\/index.php\/wp-json\/wp\/v2\/users\/1"}],"replies":[{"embeddable":true,"href":"https:\/\/mutbaum.de\/index.php\/wp-json\/wp\/v2\/comments?post=16"}],"version-history":[{"count":4,"href":"https:\/\/mutbaum.de\/index.php\/wp-json\/wp\/v2\/pages\/16\/revisions"}],"predecessor-version":[{"id":100,"href":"https:\/\/mutbaum.de\/index.php\/wp-json\/wp\/v2\/pages\/16\/revisions\/100"}],"wp:attachment":[{"href":"https:\/\/mutbaum.de\/index.php\/wp-json\/wp\/v2\/media?parent=16"}],"curies":[{"name":"wp","href":"https:\/\/api.w.org\/{rel}","templated":true}]}}