{"id":21,"date":"2019-11-04T09:01:57","date_gmt":"2019-11-04T09:01:57","guid":{"rendered":"https:\/\/datenrettung.rait-servers.de\/?page_id=21"},"modified":"2020-05-23T15:29:57","modified_gmt":"2020-05-23T15:29:57","slug":"freie-rede","status":"publish","type":"page","link":"https:\/\/mutbaum.de\/index.php\/freie-rede\/","title":{"rendered":"Freie Rede"},"content":{"rendered":"\t\t<div data-elementor-type=\"wp-page\" data-elementor-id=\"21\" class=\"elementor elementor-21\">\n\t\t\t\t\t\t<div class=\"elementor-inner\">\n\t\t\t\t<div class=\"elementor-section-wrap\">\n\t\t\t\t\t\t\t\t\t<section class=\"elementor-section elementor-top-section elementor-element elementor-element-f9b399b elementor-section-boxed elementor-section-height-default elementor-section-height-default\" data-id=\"f9b399b\" data-element_type=\"section\">\n\t\t\t\t\t\t<div class=\"elementor-container elementor-column-gap-default\">\n\t\t\t\t\t\t\t<div class=\"elementor-row\">\n\t\t\t\t\t<div class=\"elementor-column elementor-col-100 elementor-top-column elementor-element elementor-element-9cb28f8\" data-id=\"9cb28f8\" data-element_type=\"column\">\n\t\t\t<div class=\"elementor-column-wrap elementor-element-populated\">\n\t\t\t\t\t\t\t<div class=\"elementor-widget-wrap\">\n\t\t\t\t\t\t<div class=\"elementor-element elementor-element-4de61fa elementor-widget elementor-widget-spacer\" data-id=\"4de61fa\" data-element_type=\"widget\" data-widget_type=\"spacer.default\">\n\t\t\t\t<div class=\"elementor-widget-container\">\n\t\t\t\t\t<div class=\"elementor-spacer\">\n\t\t\t<div class=\"elementor-spacer-inner\"><\/div>\n\t\t<\/div>\n\t\t\t\t<\/div>\n\t\t\t\t<\/div>\n\t\t\t\t<div class=\"elementor-element elementor-element-f3b6cd2 elementor-widget elementor-widget-heading\" data-id=\"f3b6cd2\" data-element_type=\"widget\" data-widget_type=\"heading.default\">\n\t\t\t\t<div class=\"elementor-widget-container\">\n\t\t\t<h2 class=\"elementor-heading-title elementor-size-default\">Trauerreden und Rituale<\/h2>\t\t<\/div>\n\t\t\t\t<\/div>\n\t\t\t\t\t\t<\/div>\n\t\t\t\t\t<\/div>\n\t\t<\/div>\n\t\t\t\t\t\t\t\t<\/div>\n\t\t\t\t\t<\/div>\n\t\t<\/section>\n\t\t\t\t<section class=\"elementor-section elementor-top-section elementor-element elementor-element-9c0c044 elementor-section-boxed elementor-section-height-default elementor-section-height-default\" data-id=\"9c0c044\" data-element_type=\"section\">\n\t\t\t\t\t\t<div class=\"elementor-container elementor-column-gap-default\">\n\t\t\t\t\t\t\t<div class=\"elementor-row\">\n\t\t\t\t\t<div class=\"elementor-column elementor-col-100 elementor-top-column elementor-element elementor-element-e78cbc6\" data-id=\"e78cbc6\" data-element_type=\"column\">\n\t\t\t<div class=\"elementor-column-wrap elementor-element-populated\">\n\t\t\t\t\t\t\t<div class=\"elementor-widget-wrap\">\n\t\t\t\t\t\t<div class=\"elementor-element elementor-element-3c91608 elementor-widget elementor-widget-text-editor\" data-id=\"3c91608\" data-element_type=\"widget\" data-widget_type=\"text-editor.default\">\n\t\t\t\t<div class=\"elementor-widget-container\">\n\t\t\t\t\t\t\t\t<div class=\"elementor-text-editor elementor-clearfix\">\n\t\t\t\t<p>Sie haben einen sch\u00f6nen, wichtigen oder belastenden Anlass, zu dem Familie und Freunde erwartet werden. Nicht jeder kann oder m\u00f6chte f\u00fcr Trauung oder Trauerfeier eine kirchliche Zeremoie vereinbaren.<\/p><p>Durch meine gro\u00dfe Empathie f\u00fcr Menschen und deren Geschichten finde ich die passenden Worte, die Ihnen und Ihren G\u00e4sten gut tun und in einmaliger Erinnerung bleiben werden.<\/p>\t\t\t\t\t<\/div>\n\t\t\t\t\t\t<\/div>\n\t\t\t\t<\/div>\n\t\t\t\t\t\t<\/div>\n\t\t\t\t\t<\/div>\n\t\t<\/div>\n\t\t\t\t\t\t\t\t<\/div>\n\t\t\t\t\t<\/div>\n\t\t<\/section>\n\t\t\t\t<section class=\"elementor-section elementor-top-section elementor-element elementor-element-db669a1 elementor-section-boxed elementor-section-height-default elementor-section-height-default\" data-id=\"db669a1\" data-element_type=\"section\">\n\t\t\t\t\t\t<div class=\"elementor-container elementor-column-gap-default\">\n\t\t\t\t\t\t\t<div class=\"elementor-row\">\n\t\t\t\t\t<div class=\"elementor-column elementor-col-33 elementor-top-column elementor-element elementor-element-ecc41c8\" data-id=\"ecc41c8\" data-element_type=\"column\">\n\t\t\t<div class=\"elementor-column-wrap elementor-element-populated\">\n\t\t\t\t\t\t\t<div class=\"elementor-widget-wrap\">\n\t\t\t\t\t\t<div class=\"elementor-element elementor-element-75b2e6d elementor-widget elementor-widget-image\" data-id=\"75b2e6d\" data-element_type=\"widget\" data-widget_type=\"image.default\">\n\t\t\t\t<div class=\"elementor-widget-container\">\n\t\t\t\t\t\t\t\t<div class=\"elementor-image\">\n\t\t\t\t\t\t\t\t\t<figure class=\"wp-caption\">\n\t\t\t\t\t\t\t\t\t\t<img decoding=\"async\" width=\"750\" height=\"912\" src=\"https:\/\/mutbaum.de\/wp-content\/uploads\/2020\/05\/homepage-2-842x1024.jpg\" class=\"attachment-large size-large\" alt=\"\" loading=\"lazy\" srcset=\"https:\/\/mutbaum.de\/wp-content\/uploads\/2020\/05\/homepage-2-842x1024.jpg 842w, https:\/\/mutbaum.de\/wp-content\/uploads\/2020\/05\/homepage-2-247x300.jpg 247w, https:\/\/mutbaum.de\/wp-content\/uploads\/2020\/05\/homepage-2-768x934.jpg 768w, https:\/\/mutbaum.de\/wp-content\/uploads\/2020\/05\/homepage-2.jpg 1282w\" sizes=\"(max-width: 750px) 100vw, 750px\" \/>\t\t\t\t\t\t\t\t\t\t\t<figcaption class=\"widget-image-caption wp-caption-text\">Foto: Walter Bosshart<\/figcaption>\n\t\t\t\t\t\t\t\t\t\t<\/figure>\n\t\t\t\t\t\t\t\t<\/div>\n\t\t\t\t\t\t<\/div>\n\t\t\t\t<\/div>\n\t\t\t\t\t\t<\/div>\n\t\t\t\t\t<\/div>\n\t\t<\/div>\n\t\t\t\t<div class=\"elementor-column elementor-col-66 elementor-top-column elementor-element elementor-element-3a007fa\" data-id=\"3a007fa\" data-element_type=\"column\">\n\t\t\t<div class=\"elementor-column-wrap elementor-element-populated\">\n\t\t\t\t\t\t\t<div class=\"elementor-widget-wrap\">\n\t\t\t\t\t\t<div class=\"elementor-element elementor-element-8fa66e8 elementor-widget elementor-widget-heading\" data-id=\"8fa66e8\" data-element_type=\"widget\" data-widget_type=\"heading.default\">\n\t\t\t\t<div class=\"elementor-widget-container\">\n\t\t\t<h5 class=\"elementor-heading-title elementor-size-default\">Trauerfeier \/ Friedwaldbestattung<\/h5>\t\t<\/div>\n\t\t\t\t<\/div>\n\t\t\t\t<div class=\"elementor-element elementor-element-69efc51 elementor-widget elementor-widget-text-editor\" data-id=\"69efc51\" data-element_type=\"widget\" data-widget_type=\"text-editor.default\">\n\t\t\t\t<div class=\"elementor-widget-container\">\n\t\t\t\t\t\t\t\t<div class=\"elementor-text-editor elementor-clearfix\">\n\t\t\t\t<p>Nach dem Tod eines Angeh\u00f6rigen gilt es, den Verstorbenen in seiner Vielfalt zu erfassen und achtsam die W\u00fcnsche und Hoffnungen der Angeh\u00f6rigen in eine individuelle und tr\u00f6stende Ansprache zu verwandeln.<\/p><p><br \/>Wir vereinbaren ein einf\u00fchlsames Aufnahmegespr\u00e4ch, das die Wirklichkeit und die W\u00fcnsche von den Hinterbliebenen aufnimmt und daraus eine zum Anlass passende Rede entstehen l\u00e4sst. Jeder Mensch und jede Trauer ist individuell und einmalig. Hierf\u00fcr bringe ich Zeit, Geduld und eine lange Erfahrung in Beratung und Ritual mit.<\/p>\t\t\t\t\t<\/div>\n\t\t\t\t\t\t<\/div>\n\t\t\t\t<\/div>\n\t\t\t\t\t\t<\/div>\n\t\t\t\t\t<\/div>\n\t\t<\/div>\n\t\t\t\t\t\t\t\t<\/div>\n\t\t\t\t\t<\/div>\n\t\t<\/section>\n\t\t\t\t<section class=\"elementor-section elementor-top-section elementor-element elementor-element-c837926 elementor-section-boxed elementor-section-height-default elementor-section-height-default\" data-id=\"c837926\" data-element_type=\"section\">\n\t\t\t\t\t\t<div class=\"elementor-container elementor-column-gap-default\">\n\t\t\t\t\t\t\t<div class=\"elementor-row\">\n\t\t\t\t\t<div class=\"elementor-column elementor-col-100 elementor-top-column elementor-element elementor-element-a650708\" data-id=\"a650708\" data-element_type=\"column\">\n\t\t\t<div class=\"elementor-column-wrap elementor-element-populated\">\n\t\t\t\t\t\t\t<div class=\"elementor-widget-wrap\">\n\t\t\t\t\t\t<div class=\"elementor-element elementor-element-f972a52 elementor-widget elementor-widget-spacer\" data-id=\"f972a52\" data-element_type=\"widget\" data-widget_type=\"spacer.default\">\n\t\t\t\t<div class=\"elementor-widget-container\">\n\t\t\t\t\t<div class=\"elementor-spacer\">\n\t\t\t<div class=\"elementor-spacer-inner\"><\/div>\n\t\t<\/div>\n\t\t\t\t<\/div>\n\t\t\t\t<\/div>\n\t\t\t\t\t\t<\/div>\n\t\t\t\t\t<\/div>\n\t\t<\/div>\n\t\t\t\t\t\t\t\t<\/div>\n\t\t\t\t\t<\/div>\n\t\t<\/section>\n\t\t\t\t<section class=\"elementor-section elementor-top-section elementor-element elementor-element-acc939f elementor-section-boxed elementor-section-height-default elementor-section-height-default\" data-id=\"acc939f\" data-element_type=\"section\">\n\t\t\t\t\t\t<div class=\"elementor-container elementor-column-gap-default\">\n\t\t\t\t\t\t\t<div class=\"elementor-row\">\n\t\t\t\t\t<div class=\"elementor-column elementor-col-33 elementor-top-column elementor-element elementor-element-3ecbafb\" data-id=\"3ecbafb\" data-element_type=\"column\">\n\t\t\t<div class=\"elementor-column-wrap elementor-element-populated\">\n\t\t\t\t\t\t\t<div class=\"elementor-widget-wrap\">\n\t\t\t\t\t\t<div class=\"elementor-element elementor-element-8ce2e09 elementor-widget elementor-widget-image\" data-id=\"8ce2e09\" data-element_type=\"widget\" data-widget_type=\"image.default\">\n\t\t\t\t<div class=\"elementor-widget-container\">\n\t\t\t\t\t\t\t\t<div class=\"elementor-image\">\n\t\t\t\t\t\t\t\t\t\t\t\t<img decoding=\"async\" width=\"258\" height=\"416\" src=\"https:\/\/mutbaum.de\/wp-content\/uploads\/2019\/11\/Dolli-Vortrag-2.jpg\" class=\"attachment-large size-large\" alt=\"\" loading=\"lazy\" srcset=\"https:\/\/mutbaum.de\/wp-content\/uploads\/2019\/11\/Dolli-Vortrag-2.jpg 258w, https:\/\/mutbaum.de\/wp-content\/uploads\/2019\/11\/Dolli-Vortrag-2-186x300.jpg 186w\" sizes=\"(max-width: 258px) 100vw, 258px\" \/>\t\t\t\t\t\t\t\t\t\t\t\t\t\t<\/div>\n\t\t\t\t\t\t<\/div>\n\t\t\t\t<\/div>\n\t\t\t\t\t\t<\/div>\n\t\t\t\t\t<\/div>\n\t\t<\/div>\n\t\t\t\t<div class=\"elementor-column elementor-col-66 elementor-top-column elementor-element elementor-element-6a75c51\" data-id=\"6a75c51\" data-element_type=\"column\">\n\t\t\t<div class=\"elementor-column-wrap elementor-element-populated\">\n\t\t\t\t\t\t\t<div class=\"elementor-widget-wrap\">\n\t\t\t\t\t\t<div class=\"elementor-element elementor-element-b3fa65c elementor-widget elementor-widget-heading\" data-id=\"b3fa65c\" data-element_type=\"widget\" data-widget_type=\"heading.default\">\n\t\t\t\t<div class=\"elementor-widget-container\">\n\t\t\t<h5 class=\"elementor-heading-title elementor-size-default\">Trauung, Jubil\u00e4um, Begr\u00fc\u00dfungsfeier f\u00fcr Kinder<\/h5>\t\t<\/div>\n\t\t\t\t<\/div>\n\t\t\t\t<div class=\"elementor-element elementor-element-8c2c46d elementor-widget elementor-widget-text-editor\" data-id=\"8c2c46d\" data-element_type=\"widget\" data-widget_type=\"text-editor.default\">\n\t\t\t\t<div class=\"elementor-widget-container\">\n\t\t\t\t\t\t\t\t<div class=\"elementor-text-editor elementor-clearfix\">\n\t\t\t\t<p>Schenken Sie sich oder lieben Menschen eine zum Anlass passende, einf\u00fchlsame und &#8211; wenn Sie m\u00f6gen &#8211; humorvolle Rede.<\/p><p>Wo auch immer Ihr besonderes Fest stattfindet, wir werden uns gemeinsam auf eine wundersch\u00f6ne Reise machen, die die wichtigsten Stationen Ihres Lebens aufsucht und die vielf\u00e4ltigen M\u00f6glichkeiten, die Ihnen die Zukunft schenken wird, in den Blick nimmt.<\/p>\t\t\t\t\t<\/div>\n\t\t\t\t\t\t<\/div>\n\t\t\t\t<\/div>\n\t\t\t\t\t\t<\/div>\n\t\t\t\t\t<\/div>\n\t\t<\/div>\n\t\t\t\t\t\t\t\t<\/div>\n\t\t\t\t\t<\/div>\n\t\t<\/section>\n\t\t\t\t\t\t\t\t\t<\/div>\n\t\t\t<\/div>\n\t\t\t\t\t<\/div>\n\t\t","protected":false},"excerpt":{"rendered":"<p>Trauerreden und Rituale Sie haben einen sch\u00f6nen, wichtigen oder belastenden Anlass, zu dem Familie und Freunde erwartet werden. Nicht jeder kann oder m\u00f6chte f\u00fcr Trauung oder Trauerfeier eine kirchliche Zeremoie vereinbaren. Durch meine gro\u00dfe Empathie f\u00fcr Menschen und deren Geschichten finde ich die passenden Worte, die Ihnen und Ihren G\u00e4sten [&hellip;]<\/p>\n","protected":false},"author":1,"featured_media":0,"parent":0,"menu_order":0,"comment_status":"closed","ping_status":"closed","template":"page-templates\/template-pagebuilder-full-width.php","meta":[],"_links":{"self":[{"href":"https:\/\/mutbaum.de\/index.php\/wp-json\/wp\/v2\/pages\/21"}],"collection":[{"href":"https:\/\/mutbaum.de\/index.php\/wp-json\/wp\/v2\/pages"}],"about":[{"href":"https:\/\/mutbaum.de\/index.php\/wp-json\/wp\/v2\/types\/page"}],"author":[{"embeddable":true,"href":"https:\/\/mutbaum.de\/index.php\/wp-json\/wp\/v2\/users\/1"}],"replies":[{"embeddable":true,"href":"https:\/\/mutbaum.de\/index.php\/wp-json\/wp\/v2\/comments?post=21"}],"version-history":[{"count":7,"href":"https:\/\/mutbaum.de\/index.php\/wp-json\/wp\/v2\/pages\/21\/revisions"}],"predecessor-version":[{"id":147,"href":"https:\/\/mutbaum.de\/index.php\/wp-json\/wp\/v2\/pages\/21\/revisions\/147"}],"wp:attachment":[{"href":"https:\/\/mutbaum.de\/index.php\/wp-json\/wp\/v2\/media?parent=21"}],"curies":[{"name":"wp","href":"https:\/\/api.w.org\/{rel}","templated":true}]}}