{"id":25,"date":"2019-11-04T09:02:13","date_gmt":"2019-11-04T09:02:13","guid":{"rendered":"https:\/\/datenrettung.rait-servers.de\/?page_id=25"},"modified":"2021-08-11T12:31:54","modified_gmt":"2021-08-11T12:31:54","slug":"kontakt","status":"publish","type":"page","link":"https:\/\/mutbaum.de\/index.php\/kontakt\/","title":{"rendered":"Kontakt"},"content":{"rendered":"\t\t<div data-elementor-type=\"wp-page\" data-elementor-id=\"25\" class=\"elementor elementor-25\">\n\t\t\t\t\t\t<div class=\"elementor-inner\">\n\t\t\t\t<div class=\"elementor-section-wrap\">\n\t\t\t\t\t\t\t\t\t<section class=\"elementor-section elementor-top-section elementor-element elementor-element-349fed6 elementor-section-boxed elementor-section-height-default elementor-section-height-default\" data-id=\"349fed6\" data-element_type=\"section\">\n\t\t\t\t\t\t<div class=\"elementor-container elementor-column-gap-default\">\n\t\t\t\t\t\t\t<div class=\"elementor-row\">\n\t\t\t\t\t<div class=\"elementor-column elementor-col-100 elementor-top-column elementor-element elementor-element-2180091\" data-id=\"2180091\" data-element_type=\"column\">\n\t\t\t<div class=\"elementor-column-wrap elementor-element-populated\">\n\t\t\t\t\t\t\t<div class=\"elementor-widget-wrap\">\n\t\t\t\t\t\t<div class=\"elementor-element elementor-element-13916b7 elementor-widget elementor-widget-spacer\" data-id=\"13916b7\" data-element_type=\"widget\" data-widget_type=\"spacer.default\">\n\t\t\t\t<div class=\"elementor-widget-container\">\n\t\t\t\t\t<div class=\"elementor-spacer\">\n\t\t\t<div class=\"elementor-spacer-inner\"><\/div>\n\t\t<\/div>\n\t\t\t\t<\/div>\n\t\t\t\t<\/div>\n\t\t\t\t<div class=\"elementor-element elementor-element-9c01fd1 elementor-widget elementor-widget-heading\" data-id=\"9c01fd1\" data-element_type=\"widget\" data-widget_type=\"heading.default\">\n\t\t\t\t<div class=\"elementor-widget-container\">\n\t\t\t<h2 class=\"elementor-heading-title elementor-size-default\">Vita<\/h2>\t\t<\/div>\n\t\t\t\t<\/div>\n\t\t\t\t\t\t<\/div>\n\t\t\t\t\t<\/div>\n\t\t<\/div>\n\t\t\t\t\t\t\t\t<\/div>\n\t\t\t\t\t<\/div>\n\t\t<\/section>\n\t\t\t\t<section class=\"elementor-section elementor-top-section elementor-element elementor-element-31233a7 elementor-section-boxed elementor-section-height-default elementor-section-height-default\" data-id=\"31233a7\" data-element_type=\"section\">\n\t\t\t\t\t\t<div class=\"elementor-container elementor-column-gap-default\">\n\t\t\t\t\t\t\t<div class=\"elementor-row\">\n\t\t\t\t\t<div class=\"elementor-column elementor-col-33 elementor-top-column elementor-element elementor-element-b3bc072\" data-id=\"b3bc072\" data-element_type=\"column\">\n\t\t\t<div class=\"elementor-column-wrap elementor-element-populated\">\n\t\t\t\t\t\t\t<div class=\"elementor-widget-wrap\">\n\t\t\t\t\t\t<div class=\"elementor-element elementor-element-91a62a3 elementor-widget elementor-widget-image\" data-id=\"91a62a3\" data-element_type=\"widget\" data-widget_type=\"image.default\">\n\t\t\t\t<div class=\"elementor-widget-container\">\n\t\t\t\t\t\t\t\t<div class=\"elementor-image\">\n\t\t\t\t\t\t\t\t\t\t\t\t<img decoding=\"async\" width=\"750\" height=\"677\" src=\"https:\/\/mutbaum.de\/wp-content\/uploads\/2021\/08\/IMG_7945-1024x924.jpg\" class=\"attachment-large size-large\" alt=\"\" loading=\"lazy\" srcset=\"https:\/\/mutbaum.de\/wp-content\/uploads\/2021\/08\/IMG_7945-1024x924.jpg 1024w, https:\/\/mutbaum.de\/wp-content\/uploads\/2021\/08\/IMG_7945-300x271.jpg 300w, https:\/\/mutbaum.de\/wp-content\/uploads\/2021\/08\/IMG_7945-768x693.jpg 768w, https:\/\/mutbaum.de\/wp-content\/uploads\/2021\/08\/IMG_7945-1536x1386.jpg 1536w, https:\/\/mutbaum.de\/wp-content\/uploads\/2021\/08\/IMG_7945-2048x1848.jpg 2048w\" sizes=\"(max-width: 750px) 100vw, 750px\" \/>\t\t\t\t\t\t\t\t\t\t\t\t\t\t<\/div>\n\t\t\t\t\t\t<\/div>\n\t\t\t\t<\/div>\n\t\t\t\t\t\t<\/div>\n\t\t\t\t\t<\/div>\n\t\t<\/div>\n\t\t\t\t<div class=\"elementor-column elementor-col-66 elementor-top-column elementor-element elementor-element-b8ca183\" data-id=\"b8ca183\" data-element_type=\"column\">\n\t\t\t<div class=\"elementor-column-wrap elementor-element-populated\">\n\t\t\t\t\t\t\t<div class=\"elementor-widget-wrap\">\n\t\t\t\t\t\t<div class=\"elementor-element elementor-element-7381e1a elementor-widget elementor-widget-text-editor\" data-id=\"7381e1a\" data-element_type=\"widget\" data-widget_type=\"text-editor.default\">\n\t\t\t\t<div class=\"elementor-widget-container\">\n\t\t\t\t\t\t\t\t<div class=\"elementor-text-editor elementor-clearfix\">\n\t\t\t\t<p>Nach einer Ausbildung im Verlagswesen, kaufm\u00e4nnischer T\u00e4tigkeit und dem dreij\u00e4hrigen Wochenend-Studium BWL an der Verwaltungs- und Wirtschftsakademie (VWA) wandelte sich mein Interesse immer st\u00e4rker zur Arbeit mit Menschen und deren Lebens-Ereignissen.<\/p><p>Daraus folgten seit 1994 mehrere Ausbildungen an Individualpsychologischen Instituten. Zun\u00e4chst zur Ermutigungs- und Eltern-Trainerin, anschlie\u00dfend zur Beraterin und Gestaltberaterin.<\/p><p>Seit 2004 biete ich Elterntrainings und Beratungen f\u00fcr Einzelpersonen und Familien \/ Paare in eigener Praxis an.<\/p><p>Mit viel Freude halte ich bei verschiedenen Bildungstr\u00e4gern Vortr\u00e4ge und Wokrshops \u00fcber Erziehungs- und sonstige Lebensthemen. <\/p><p>Nach einer Fortbildung im Adler-Pollak-Institut zum Thema Tod-Trauer-Sterben und einigen Trauerf\u00e4llen im engeren Umkreis habe ich mein Feld um Trauerreden und Workshops zu diesem Thema erweitert. <\/p><p>Meine St\u00e4rken sind Empathie, Einf\u00fchlungsverm\u00f6gen, Begeisterung f\u00fcr das Thema Ermutigung und f\u00fcr Sprache in Wort und K\u00f6rperausdruck.<\/p><p><\/p><p><\/p>\t\t\t\t\t<\/div>\n\t\t\t\t\t\t<\/div>\n\t\t\t\t<\/div>\n\t\t\t\t\t\t<\/div>\n\t\t\t\t\t<\/div>\n\t\t<\/div>\n\t\t\t\t\t\t\t\t<\/div>\n\t\t\t\t\t<\/div>\n\t\t<\/section>\n\t\t\t\t<section class=\"elementor-section elementor-top-section elementor-element elementor-element-9a46e2f elementor-section-boxed elementor-section-height-default elementor-section-height-default\" data-id=\"9a46e2f\" data-element_type=\"section\">\n\t\t\t\t\t\t<div class=\"elementor-container elementor-column-gap-default\">\n\t\t\t\t\t\t\t<div class=\"elementor-row\">\n\t\t\t\t\t<div class=\"elementor-column elementor-col-100 elementor-top-column elementor-element elementor-element-c1190e8\" data-id=\"c1190e8\" data-element_type=\"column\">\n\t\t\t<div class=\"elementor-column-wrap elementor-element-populated\">\n\t\t\t\t\t\t\t<div class=\"elementor-widget-wrap\">\n\t\t\t\t\t\t<div class=\"elementor-element elementor-element-d8f2b10 elementor-widget elementor-widget-heading\" data-id=\"d8f2b10\" data-element_type=\"widget\" data-widget_type=\"heading.default\">\n\t\t\t\t<div class=\"elementor-widget-container\">\n\t\t\t<h4 class=\"elementor-heading-title elementor-size-default\">Impressum<\/h4>\t\t<\/div>\n\t\t\t\t<\/div>\n\t\t\t\t\t\t<\/div>\n\t\t\t\t\t<\/div>\n\t\t<\/div>\n\t\t\t\t\t\t\t\t<\/div>\n\t\t\t\t\t<\/div>\n\t\t<\/section>\n\t\t\t\t<section class=\"elementor-section elementor-top-section elementor-element elementor-element-d27ad44 elementor-section-boxed elementor-section-height-default elementor-section-height-default\" data-id=\"d27ad44\" data-element_type=\"section\">\n\t\t\t\t\t\t<div class=\"elementor-container elementor-column-gap-default\">\n\t\t\t\t\t\t\t<div class=\"elementor-row\">\n\t\t\t\t\t<div class=\"elementor-column elementor-col-100 elementor-top-column elementor-element elementor-element-ce4c4f8\" data-id=\"ce4c4f8\" data-element_type=\"column\">\n\t\t\t<div class=\"elementor-column-wrap elementor-element-populated\">\n\t\t\t\t\t\t\t<div class=\"elementor-widget-wrap\">\n\t\t\t\t\t\t<div class=\"elementor-element elementor-element-f5333dd elementor-widget elementor-widget-text-editor\" data-id=\"f5333dd\" data-element_type=\"widget\" data-widget_type=\"text-editor.default\">\n\t\t\t\t<div class=\"elementor-widget-container\">\n\t\t\t\t\t\t\t\t<div class=\"elementor-text-editor elementor-clearfix\">\n\t\t\t\t<p style=\"text-align: justify; font-family: Verdana, Arial, Helvetica, sans-serif; color: #39311b; font-size: 18px;\"><strong>Friederike H\u00f6hndorf \u00b7\u00a0<a href=\"https:\/\/de.wikipedia.org\/wiki\/Individualpsychologie\" title=\"Individualpsychologische Beraterin\" target=\"new\" style=\"color: #666666;\">Individualpsychologische Beraterin<\/a><\/strong><\/p><p><span style=\"color: #39311b; font-family: Arial, Helvetica, sans-serif; font-size: 18px;\">K\u00f6nigsbergallee 9\/2<\/span><br style=\"color: #39311b; font-family: Arial, Helvetica, sans-serif; font-size: 18px;\" \/><span style=\"color: #39311b; font-family: Arial, Helvetica, sans-serif; font-size: 18px;\">88400 Biberach<\/span><\/p><p style=\"text-align: justify; font-family: Verdana, Arial, Helvetica, sans-serif; color: #39311b; font-size: 18px;\">Tel. 07351 \/ 829 66 90<br \/>Mobil 0171 \/ 30 30 777<\/p><p style=\"text-align: justify; font-family: Verdana, Arial, Helvetica, sans-serif; color: #39311b; font-size: 18px;\">E-Mail:\u00a0<a href=\"mailto:info@MutBaum.de\" title=\"E-Mail Adesse - MutBaum\" target=\"_blank\" style=\"color: #666666;\" rel=\"noopener\">info@mutbaum.de<\/a><\/p><p style=\"text-align: justify; font-family: Verdana, Arial, Helvetica, sans-serif; color: #39311b; font-size: 18px;\"><strong>Haftungshinweis<\/strong><br \/>Trotz sorgf\u00e4ltiger inhaltlicher Kontrolle \u00fcbernehmen wir keine Haftung f\u00fcr die Inhalte externer Links.<\/p>\t\t\t\t\t<\/div>\n\t\t\t\t\t\t<\/div>\n\t\t\t\t<\/div>\n\t\t\t\t\t\t<\/div>\n\t\t\t\t\t<\/div>\n\t\t<\/div>\n\t\t\t\t\t\t\t\t<\/div>\n\t\t\t\t\t<\/div>\n\t\t<\/section>\n\t\t\t\t\t\t\t\t\t<\/div>\n\t\t\t<\/div>\n\t\t\t\t\t<\/div>\n\t\t","protected":false},"excerpt":{"rendered":"<p>Vita Nach einer Ausbildung im Verlagswesen, kaufm\u00e4nnischer T\u00e4tigkeit und dem dreij\u00e4hrigen Wochenend-Studium BWL an der Verwaltungs- und Wirtschftsakademie (VWA) wandelte sich mein Interesse immer st\u00e4rker zur Arbeit mit Menschen und deren Lebens-Ereignissen. Daraus folgten seit 1994 mehrere Ausbildungen an Individualpsychologischen Instituten. Zun\u00e4chst zur Ermutigungs- und Eltern-Trainerin, anschlie\u00dfend zur Beraterin und [&hellip;]<\/p>\n","protected":false},"author":1,"featured_media":0,"parent":0,"menu_order":0,"comment_status":"closed","ping_status":"closed","template":"page-templates\/template-pagebuilder-full-width.php","meta":[],"_links":{"self":[{"href":"https:\/\/mutbaum.de\/index.php\/wp-json\/wp\/v2\/pages\/25"}],"collection":[{"href":"https:\/\/mutbaum.de\/index.php\/wp-json\/wp\/v2\/pages"}],"about":[{"href":"https:\/\/mutbaum.de\/index.php\/wp-json\/wp\/v2\/types\/page"}],"author":[{"embeddable":true,"href":"https:\/\/mutbaum.de\/index.php\/wp-json\/wp\/v2\/users\/1"}],"replies":[{"embeddable":true,"href":"https:\/\/mutbaum.de\/index.php\/wp-json\/wp\/v2\/comments?post=25"}],"version-history":[{"count":9,"href":"https:\/\/mutbaum.de\/index.php\/wp-json\/wp\/v2\/pages\/25\/revisions"}],"predecessor-version":[{"id":281,"href":"https:\/\/mutbaum.de\/index.php\/wp-json\/wp\/v2\/pages\/25\/revisions\/281"}],"wp:attachment":[{"href":"https:\/\/mutbaum.de\/index.php\/wp-json\/wp\/v2\/media?parent=25"}],"curies":[{"name":"wp","href":"https:\/\/api.w.org\/{rel}","templated":true}]}}